{"id":2846,"date":"2016-08-18T10:11:30","date_gmt":"2016-08-18T08:11:30","guid":{"rendered":"https:\/\/www.cavedelacrausaz.ch\/produit\/assortiment-decouverte-3-bouteilles\/"},"modified":"2021-04-09T15:58:42","modified_gmt":"2021-04-09T13:58:42","slug":"discovery-pack-3-bottles","status":"publish","type":"product","link":"https:\/\/www.cavedelacrausaz.ch\/en\/produit\/discovery-pack-3-bottles\/","title":{"rendered":"Create your own discovery pack (3 bottles)"},"content":{"rendered":"<p>Create your own discovery pack (3 bottles) by choosing your favourite wines from our own winery and from Le Vieux Coteau. It\u2019s perfect as a gift or as a wine discovery set for yourself.<\/p>\n","protected":false},"excerpt":{"rendered":"<p>Create your own discovery pack (3 bottles) by choosing your favourite wines from our own winery and from Le Vieux Coteau. It\u2019s perfect as a gift or as a wine discovery set for yourself.<\/p>\n<h4>Choose 3 bottles for your discovery pack :<\/h4>\n","protected":false},"featured_media":4613,"comment_status":"closed","ping_status":"closed","template":"","meta":[],"product_brand":[],"product_cat":[271],"product_tag":[],"class_list":{"0":"post-2846","1":"product","2":"type-product","3":"status-publish","4":"has-post-thumbnail","6":"product_cat-discovery-pack","7":"product_shipping_class-carton-en","9":"first","10":"instock","11":"taxable","12":"shipping-taxable","13":"purchasable","14":"product-type-bundle"},"bundled_by":[],"bundle_stock_status":"instock","bundle_stock_quantity":"","bundle_virtual":false,"bundle_layout":"default","bundle_add_to_cart_form_location":"default","bundle_editable_in_cart":false,"bundle_sold_individually_context":"product","bundle_item_grouping":"parent","bundle_min_size":"","bundle_max_size":"","bundle_price":{"price":{"min":{"incl_tax":"0.00","excl_tax":"0.00"},"max":{"incl_tax":"451.8","excl_tax":"420.18"}},"regular_price":{"min":{"incl_tax":"0.00","excl_tax":"0.00"},"max":{"incl_tax":"451.8","excl_tax":"420.18"}}},"bundled_items":[{"bundled_item_id":110,"product_id":2615,"menu_order":0,"quantity_min":0,"quantity_max":3,"quantity_default":0,"priced_individually":true,"shipped_individually":true,"override_title":false,"title":"F\u00e9chy AOC La C\u00f4te Grand Cru de la Crausaz","override_description":false,"description":"F\u00e9chy AOC La C\u00f4te Grand Cru de la Crausaz","optional":false,"hide_thumbnail":false,"discount":"","override_variations":false,"allowed_variations":[""],"override_default_variation_attributes":false,"default_variation_attributes":[],"single_product_visibility":"visible","cart_visibility":"visible","order_visibility":"visible","single_product_price_visibility":"hidden","cart_price_visibility":"hidden","order_price_visibility":"hidden","stock_status":"in_stock"},{"bundled_item_id":111,"product_id":2829,"menu_order":1,"quantity_min":0,"quantity_max":3,"quantity_default":0,"priced_individually":true,"shipped_individually":true,"override_title":false,"title":"F\u00e9chy AOC La C\u00f4te Cave de la Crausaz","override_description":false,"description":"F\u00e9chy AOC La C\u00f4te Cave de la Crausaz","optional":false,"hide_thumbnail":false,"discount":"","override_variations":false,"allowed_variations":[""],"override_default_variation_attributes":false,"default_variation_attributes":[],"single_product_visibility":"visible","cart_visibility":"visible","order_visibility":"visible","single_product_price_visibility":"hidden","cart_price_visibility":"hidden","order_price_visibility":"hidden","stock_status":"in_stock"},{"bundled_item_id":112,"product_id":2619,"menu_order":2,"quantity_min":0,"quantity_max":3,"quantity_default":0,"priced_individually":true,"shipped_individually":true,"override_title":false,"title":"Chardonnay F\u00e9chy AOC La C\u00f4te","override_description":false,"description":"Chardonnay F\u00e9chy AOC La C\u00f4te","optional":false,"hide_thumbnail":false,"discount":"","override_variations":false,"allowed_variations":[""],"override_default_variation_attributes":false,"default_variation_attributes":[],"single_product_visibility":"visible","cart_visibility":"visible","order_visibility":"visible","single_product_price_visibility":"hidden","cart_price_visibility":"hidden","order_price_visibility":"hidden","stock_status":"in_stock"},{"bundled_item_id":160,"product_id":2831,"menu_order":3,"quantity_min":0,"quantity_max":3,"quantity_default":0,"priced_individually":true,"shipped_individually":true,"override_title":false,"title":"Assemblage Rouge VdP Les Bourrons","override_description":false,"description":"Assemblage Rouge VdP Les Bourrons","optional":false,"hide_thumbnail":false,"discount":"","override_variations":false,"allowed_variations":[""],"override_default_variation_attributes":false,"default_variation_attributes":[],"single_product_visibility":"visible","cart_visibility":"visible","order_visibility":"visible","single_product_price_visibility":"hidden","cart_price_visibility":"hidden","order_price_visibility":"hidden","stock_status":"in_stock"},{"bundled_item_id":113,"product_id":2833,"menu_order":4,"quantity_min":0,"quantity_max":3,"quantity_default":0,"priced_individually":true,"shipped_individually":true,"override_title":false,"title":"Ros\u00e9 de Pinot Noir VdP La Crausaline","override_description":false,"description":"Ros\u00e9 de Pinot Noir VdP La Crausaline","optional":false,"hide_thumbnail":false,"discount":"","override_variations":false,"allowed_variations":[""],"override_default_variation_attributes":false,"default_variation_attributes":[],"single_product_visibility":"visible","cart_visibility":"visible","order_visibility":"visible","single_product_price_visibility":"hidden","cart_price_visibility":"hidden","order_price_visibility":"hidden","stock_status":"in_stock"},{"bundled_item_id":115,"product_id":2666,"menu_order":5,"quantity_min":0,"quantity_max":3,"quantity_default":0,"priced_individually":true,"shipped_individually":true,"override_title":false,"title":"Vieux Coteau &#8211; Chasselas F\u00e9chy AOC La C\u00f4te","override_description":false,"description":"Vieux Coteau &#8211; Chasselas F\u00e9chy AOC La C\u00f4te","optional":false,"hide_thumbnail":false,"discount":"","override_variations":false,"allowed_variations":[""],"override_default_variation_attributes":false,"default_variation_attributes":[],"single_product_visibility":"visible","cart_visibility":"visible","order_visibility":"visible","single_product_price_visibility":"hidden","cart_price_visibility":"hidden","order_price_visibility":"hidden","stock_status":"in_stock"},{"bundled_item_id":116,"product_id":2669,"menu_order":6,"quantity_min":0,"quantity_max":3,"quantity_default":0,"priced_individually":true,"shipped_individually":true,"override_title":false,"title":"Vieux Coteau &#8211; Grand Cru Barrettes F\u00e9chy La C\u00f4te AOC","override_description":false,"description":"Vieux Coteau &#8211; Grand Cru Barrettes F\u00e9chy La C\u00f4te AOC","optional":false,"hide_thumbnail":false,"discount":"","override_variations":false,"allowed_variations":[""],"override_default_variation_attributes":false,"default_variation_attributes":[],"single_product_visibility":"visible","cart_visibility":"visible","order_visibility":"visible","single_product_price_visibility":"hidden","cart_price_visibility":"hidden","order_price_visibility":"hidden","stock_status":"in_stock"},{"bundled_item_id":117,"product_id":2675,"menu_order":7,"quantity_min":0,"quantity_max":3,"quantity_default":0,"priced_individually":true,"shipped_individually":true,"override_title":false,"title":"Vieux Coteau &#8211; Ros\u00e9 de gamay A c\u0153ur perdu F\u00e9chy AOC La C\u00f4te","override_description":false,"description":"Vieux Coteau &#8211; Ros\u00e9 de gamay A c\u0153ur perdu F\u00e9chy AOC La C\u00f4te","optional":false,"hide_thumbnail":false,"discount":"","override_variations":false,"allowed_variations":[""],"override_default_variation_attributes":false,"default_variation_attributes":[],"single_product_visibility":"visible","cart_visibility":"visible","order_visibility":"visible","single_product_price_visibility":"hidden","cart_price_visibility":"hidden","order_price_visibility":"hidden","stock_status":"in_stock"},{"bundled_item_id":118,"product_id":2678,"menu_order":8,"quantity_min":0,"quantity_max":3,"quantity_default":0,"priced_individually":true,"shipped_individually":true,"override_title":false,"title":"Vieux Coteau &#8211; Pinot noir Charme feu  F\u00e9chy AOC La C\u00f4te","override_description":false,"description":"Vieux Coteau &#8211; Pinot noir Charme feu  F\u00e9chy AOC La C\u00f4te","optional":false,"hide_thumbnail":false,"discount":"","override_variations":false,"allowed_variations":[""],"override_default_variation_attributes":false,"default_variation_attributes":[],"single_product_visibility":"visible","cart_visibility":"visible","order_visibility":"visible","single_product_price_visibility":"hidden","cart_price_visibility":"hidden","order_price_visibility":"hidden","stock_status":"in_stock"},{"bundled_item_id":119,"product_id":2681,"menu_order":9,"quantity_min":0,"quantity_max":3,"quantity_default":0,"priced_individually":true,"shipped_individually":true,"override_title":false,"title":"Vieux Coteau &#8211; Assemblage rouge All\u00e9gresse La C\u00f4te AOC","override_description":false,"description":"Vieux Coteau &#8211; Assemblage rouge All\u00e9gresse La C\u00f4te AOC","optional":false,"hide_thumbnail":false,"discount":"","override_variations":false,"allowed_variations":[""],"override_default_variation_attributes":false,"default_variation_attributes":[],"single_product_visibility":"visible","cart_visibility":"visible","order_visibility":"visible","single_product_price_visibility":"hidden","cart_price_visibility":"hidden","order_price_visibility":"hidden","stock_status":"in_stock"},{"bundled_item_id":120,"product_id":2827,"menu_order":10,"quantity_min":0,"quantity_max":3,"quantity_default":0,"priced_individually":true,"shipped_individually":true,"override_title":false,"title":"Vieux Coteau &#8211; Gamaret La C\u00f4te AOC","override_description":false,"description":"Vieux Coteau &#8211; Gamaret La C\u00f4te AOC","optional":false,"hide_thumbnail":false,"discount":"","override_variations":false,"allowed_variations":[""],"override_default_variation_attributes":false,"default_variation_attributes":[],"single_product_visibility":"visible","cart_visibility":"visible","order_visibility":"visible","single_product_price_visibility":"hidden","cart_price_visibility":"hidden","order_price_visibility":"hidden","stock_status":"out_of_stock"},{"bundled_item_id":121,"product_id":2825,"menu_order":11,"quantity_min":0,"quantity_max":3,"quantity_default":0,"priced_individually":true,"shipped_individually":true,"override_title":false,"title":"Vieux Coteau &#8211; Garanoir La C\u00f4te AOC","override_description":false,"description":"Vieux Coteau &#8211; Garanoir La C\u00f4te AOC","optional":false,"hide_thumbnail":false,"discount":"","override_variations":false,"allowed_variations":[""],"override_default_variation_attributes":false,"default_variation_attributes":[],"single_product_visibility":"visible","cart_visibility":"visible","order_visibility":"visible","single_product_price_visibility":"hidden","cart_price_visibility":"hidden","order_price_visibility":"hidden","stock_status":"out_of_stock"}],"bundle_sell_ids":[],"yoast_head":"<!-- This site is optimized with the Yoast SEO plugin v27.3 - https:\/\/yoast.com\/product\/yoast-seo-wordpress\/ -->\n<title>Create your own discovery pack (3 bottles) - Cave de la Crausaz<\/title>\n<meta name=\"robots\" content=\"index, follow, max-snippet:-1, max-image-preview:large, max-video-preview:-1\" \/>\n<link rel=\"canonical\" href=\"https:\/\/www.cavedelacrausaz.ch\/en\/produit\/discovery-pack-3-bottles\/\" \/>\n<meta property=\"og:locale\" content=\"en_US\" \/>\n<meta property=\"og:type\" content=\"article\" \/>\n<meta property=\"og:title\" content=\"Create your own discovery pack (3 bottles) - Cave de la Crausaz\" \/>\n<meta property=\"og:description\" content=\"Create your own discovery pack (3 bottles) by choosing your favourite wines from our own winery and from Le Vieux Coteau. It\u2019s perfect as a gift or as a wine discovery set for yourself. Choose 3 bottles for your discovery pack :\" \/>\n<meta property=\"og:url\" content=\"https:\/\/www.cavedelacrausaz.ch\/en\/produit\/discovery-pack-3-bottles\/\" \/>\n<meta property=\"og:site_name\" content=\"Cave de la Crausaz\" \/>\n<meta property=\"article:publisher\" content=\"https:\/\/www.facebook.com\/cavedelacrausaz\/\" \/>\n<meta property=\"article:modified_time\" content=\"2021-04-09T13:58:42+00:00\" \/>\n<meta property=\"og:image\" content=\"https:\/\/www.cavedelacrausaz.ch\/wp-content\/uploads\/carton-3-bt-scaled.jpg\" \/>\n\t<meta property=\"og:image:width\" content=\"810\" \/>\n\t<meta property=\"og:image:height\" content=\"1080\" \/>\n\t<meta property=\"og:image:type\" content=\"image\/jpeg\" \/>\n<meta name=\"twitter:card\" content=\"summary_large_image\" \/>\n<script type=\"application\/ld+json\" class=\"yoast-schema-graph\">{\"@context\":\"https:\\\/\\\/schema.org\",\"@graph\":[{\"@type\":\"WebPage\",\"@id\":\"https:\\\/\\\/www.cavedelacrausaz.ch\\\/en\\\/produit\\\/discovery-pack-3-bottles\\\/\",\"url\":\"https:\\\/\\\/www.cavedelacrausaz.ch\\\/en\\\/produit\\\/discovery-pack-3-bottles\\\/\",\"name\":\"Create your own discovery pack (3 bottles) - Cave de la Crausaz\",\"isPartOf\":{\"@id\":\"https:\\\/\\\/www.cavedelacrausaz.ch\\\/en\\\/#website\"},\"primaryImageOfPage\":{\"@id\":\"https:\\\/\\\/www.cavedelacrausaz.ch\\\/en\\\/produit\\\/discovery-pack-3-bottles\\\/#primaryimage\"},\"image\":{\"@id\":\"https:\\\/\\\/www.cavedelacrausaz.ch\\\/en\\\/produit\\\/discovery-pack-3-bottles\\\/#primaryimage\"},\"thumbnailUrl\":\"https:\\\/\\\/www.cavedelacrausaz.ch\\\/wp-content\\\/uploads\\\/carton-3-bt-scaled.jpg\",\"datePublished\":\"2016-08-18T08:11:30+00:00\",\"dateModified\":\"2021-04-09T13:58:42+00:00\",\"breadcrumb\":{\"@id\":\"https:\\\/\\\/www.cavedelacrausaz.ch\\\/en\\\/produit\\\/discovery-pack-3-bottles\\\/#breadcrumb\"},\"inLanguage\":\"en-US\",\"potentialAction\":[{\"@type\":\"ReadAction\",\"target\":[\"https:\\\/\\\/www.cavedelacrausaz.ch\\\/en\\\/produit\\\/discovery-pack-3-bottles\\\/\"]}]},{\"@type\":\"ImageObject\",\"inLanguage\":\"en-US\",\"@id\":\"https:\\\/\\\/www.cavedelacrausaz.ch\\\/en\\\/produit\\\/discovery-pack-3-bottles\\\/#primaryimage\",\"url\":\"https:\\\/\\\/www.cavedelacrausaz.ch\\\/wp-content\\\/uploads\\\/carton-3-bt-scaled.jpg\",\"contentUrl\":\"https:\\\/\\\/www.cavedelacrausaz.ch\\\/wp-content\\\/uploads\\\/carton-3-bt-scaled.jpg\",\"width\":810,\"height\":1080},{\"@type\":\"BreadcrumbList\",\"@id\":\"https:\\\/\\\/www.cavedelacrausaz.ch\\\/en\\\/produit\\\/discovery-pack-3-bottles\\\/#breadcrumb\",\"itemListElement\":[{\"@type\":\"ListItem\",\"position\":1,\"name\":\"Accueil\",\"item\":\"https:\\\/\\\/www.cavedelacrausaz.ch\\\/en\\\/\"},{\"@type\":\"ListItem\",\"position\":2,\"name\":\"Our products\",\"item\":\"https:\\\/\\\/www.cavedelacrausaz.ch\\\/en\\\/our-products\\\/\"},{\"@type\":\"ListItem\",\"position\":3,\"name\":\"Create your own discovery pack (3 bottles)\"}]},{\"@type\":\"WebSite\",\"@id\":\"https:\\\/\\\/www.cavedelacrausaz.ch\\\/en\\\/#website\",\"url\":\"https:\\\/\\\/www.cavedelacrausaz.ch\\\/en\\\/\",\"name\":\"Cave de la Crausaz\",\"description\":\"Bettems Fr\u00e8res SA - F\u00e9chy\",\"potentialAction\":[{\"@type\":\"SearchAction\",\"target\":{\"@type\":\"EntryPoint\",\"urlTemplate\":\"https:\\\/\\\/www.cavedelacrausaz.ch\\\/en\\\/?s={search_term_string}\"},\"query-input\":{\"@type\":\"PropertyValueSpecification\",\"valueRequired\":true,\"valueName\":\"search_term_string\"}}],\"inLanguage\":\"en-US\"}]}<\/script>\n<!-- \/ Yoast SEO plugin. -->","yoast_head_json":{"title":"Create your own discovery pack (3 bottles) - Cave de la Crausaz","robots":{"index":"index","follow":"follow","max-snippet":"max-snippet:-1","max-image-preview":"max-image-preview:large","max-video-preview":"max-video-preview:-1"},"canonical":"https:\/\/www.cavedelacrausaz.ch\/en\/produit\/discovery-pack-3-bottles\/","og_locale":"en_US","og_type":"article","og_title":"Create your own discovery pack (3 bottles) - Cave de la Crausaz","og_description":"Create your own discovery pack (3 bottles) by choosing your favourite wines from our own winery and from Le Vieux Coteau. It\u2019s perfect as a gift or as a wine discovery set for yourself. Choose 3 bottles for your discovery pack :","og_url":"https:\/\/www.cavedelacrausaz.ch\/en\/produit\/discovery-pack-3-bottles\/","og_site_name":"Cave de la Crausaz","article_publisher":"https:\/\/www.facebook.com\/cavedelacrausaz\/","article_modified_time":"2021-04-09T13:58:42+00:00","og_image":[{"width":810,"height":1080,"url":"https:\/\/www.cavedelacrausaz.ch\/wp-content\/uploads\/carton-3-bt-scaled.jpg","type":"image\/jpeg"}],"twitter_card":"summary_large_image","schema":{"@context":"https:\/\/schema.org","@graph":[{"@type":"WebPage","@id":"https:\/\/www.cavedelacrausaz.ch\/en\/produit\/discovery-pack-3-bottles\/","url":"https:\/\/www.cavedelacrausaz.ch\/en\/produit\/discovery-pack-3-bottles\/","name":"Create your own discovery pack (3 bottles) - Cave de la Crausaz","isPartOf":{"@id":"https:\/\/www.cavedelacrausaz.ch\/en\/#website"},"primaryImageOfPage":{"@id":"https:\/\/www.cavedelacrausaz.ch\/en\/produit\/discovery-pack-3-bottles\/#primaryimage"},"image":{"@id":"https:\/\/www.cavedelacrausaz.ch\/en\/produit\/discovery-pack-3-bottles\/#primaryimage"},"thumbnailUrl":"https:\/\/www.cavedelacrausaz.ch\/wp-content\/uploads\/carton-3-bt-scaled.jpg","datePublished":"2016-08-18T08:11:30+00:00","dateModified":"2021-04-09T13:58:42+00:00","breadcrumb":{"@id":"https:\/\/www.cavedelacrausaz.ch\/en\/produit\/discovery-pack-3-bottles\/#breadcrumb"},"inLanguage":"en-US","potentialAction":[{"@type":"ReadAction","target":["https:\/\/www.cavedelacrausaz.ch\/en\/produit\/discovery-pack-3-bottles\/"]}]},{"@type":"ImageObject","inLanguage":"en-US","@id":"https:\/\/www.cavedelacrausaz.ch\/en\/produit\/discovery-pack-3-bottles\/#primaryimage","url":"https:\/\/www.cavedelacrausaz.ch\/wp-content\/uploads\/carton-3-bt-scaled.jpg","contentUrl":"https:\/\/www.cavedelacrausaz.ch\/wp-content\/uploads\/carton-3-bt-scaled.jpg","width":810,"height":1080},{"@type":"BreadcrumbList","@id":"https:\/\/www.cavedelacrausaz.ch\/en\/produit\/discovery-pack-3-bottles\/#breadcrumb","itemListElement":[{"@type":"ListItem","position":1,"name":"Accueil","item":"https:\/\/www.cavedelacrausaz.ch\/en\/"},{"@type":"ListItem","position":2,"name":"Our products","item":"https:\/\/www.cavedelacrausaz.ch\/en\/our-products\/"},{"@type":"ListItem","position":3,"name":"Create your own discovery pack (3 bottles)"}]},{"@type":"WebSite","@id":"https:\/\/www.cavedelacrausaz.ch\/en\/#website","url":"https:\/\/www.cavedelacrausaz.ch\/en\/","name":"Cave de la Crausaz","description":"Bettems Fr\u00e8res SA - F\u00e9chy","potentialAction":[{"@type":"SearchAction","target":{"@type":"EntryPoint","urlTemplate":"https:\/\/www.cavedelacrausaz.ch\/en\/?s={search_term_string}"},"query-input":{"@type":"PropertyValueSpecification","valueRequired":true,"valueName":"search_term_string"}}],"inLanguage":"en-US"}]}},"_links":{"self":[{"href":"https:\/\/www.cavedelacrausaz.ch\/en\/wp-json\/wp\/v2\/product\/2846","targetHints":{"allow":["GET"]}}],"collection":[{"href":"https:\/\/www.cavedelacrausaz.ch\/en\/wp-json\/wp\/v2\/product"}],"about":[{"href":"https:\/\/www.cavedelacrausaz.ch\/en\/wp-json\/wp\/v2\/types\/product"}],"replies":[{"embeddable":true,"href":"https:\/\/www.cavedelacrausaz.ch\/en\/wp-json\/wp\/v2\/comments?post=2846"}],"wp:featuredmedia":[{"embeddable":true,"href":"https:\/\/www.cavedelacrausaz.ch\/en\/wp-json\/wp\/v2\/media\/4613"}],"wp:attachment":[{"href":"https:\/\/www.cavedelacrausaz.ch\/en\/wp-json\/wp\/v2\/media?parent=2846"}],"wp:term":[{"taxonomy":"product_brand","embeddable":true,"href":"https:\/\/www.cavedelacrausaz.ch\/en\/wp-json\/wp\/v2\/product_brand?post=2846"},{"taxonomy":"product_cat","embeddable":true,"href":"https:\/\/www.cavedelacrausaz.ch\/en\/wp-json\/wp\/v2\/product_cat?post=2846"},{"taxonomy":"product_tag","embeddable":true,"href":"https:\/\/www.cavedelacrausaz.ch\/en\/wp-json\/wp\/v2\/product_tag?post=2846"}],"curies":[{"name":"wp","href":"https:\/\/api.w.org\/{rel}","templated":true}]}}