{"id":1629,"date":"2015-10-07T13:36:33","date_gmt":"2016-09-01T15:29:25","guid":{"rendered":"https:\/\/www.cavedelacrausaz.ch\/en\/?post_type=product&#038;p=1629"},"modified":"2023-05-10T21:27:26","modified_gmt":"2023-05-10T19:27:26","slug":"fechy-aoc-la-cote-cave-de-la-crausaz","status":"publish","type":"product","link":"https:\/\/www.cavedelacrausaz.ch\/en\/produit\/fechy-aoc-la-cote-cave-de-la-crausaz\/","title":{"rendered":"F\u00e9chy AOC La C\u00f4te<br> Cave de la Crausaz"},"content":{"rendered":"<p>A fine, fruity and wonderfully generous wine.The soil of F\u00e9chy gives this wine its characteristic bouquet and its exceptionally rich taste.<\/p>\n<p>This wine is sold in <strong>cardboard boxes of 15 bottles<\/strong> (70 cl) or <strong>20 bottles<\/strong> (50 cl or 35 cl).<\/p>\n<p>&nbsp;<\/p>\n<p>&nbsp;<\/p>\n","protected":false},"excerpt":{"rendered":"<p>A fine, fruity and wonderfully generous wine.The soil of F\u00e9chy gives this wine its characteristic bouquet and its exceptionally rich taste.<\/p>\n<h6>Our latest award<\/h6>\n<p><img decoding=\"async\" class=\"alignnone wp-image-1515\" src=\"https:\/\/www.cavedelacrausaz.ch\/wp-content\/uploads\/laurier_platine_2016.png\" alt=\"M\u00e9daille Lauriers de Platine 2016\" width=\"130\" height=\"131\" \/>\u00a0 \u00a0\u00a0<img decoding=\"async\" class=\"alignnone wp-image-1515\" src=\"https:\/\/www.cavedelacrausaz.ch\/wp-content\/uploads\/2015\/10\/MondialChasselas_Bronze.png\" alt=\"M\u00e9daille de bronze Mondial du Chasselat 2016\" width=\"129\" height=\"129\" srcset=\"https:\/\/www.cavedelacrausaz.ch\/wp-content\/uploads\/2015\/10\/MondialChasselas_Bronze.png 181w, https:\/\/www.cavedelacrausaz.ch\/wp-content\/uploads\/2015\/10\/MondialChasselas_Bronze-100x100.png 100w, https:\/\/www.cavedelacrausaz.ch\/wp-content\/uploads\/2015\/10\/MondialChasselas_Bronze-150x150.png 150w, https:\/\/www.cavedelacrausaz.ch\/wp-content\/uploads\/2015\/10\/MondialChasselas_Bronze-75x75.png 75w, https:\/\/www.cavedelacrausaz.ch\/wp-content\/uploads\/2015\/10\/MondialChasselas_Bronze-180x180.png 180w\" sizes=\"(max-width: 129px) 100vw, 129px\" \/><br \/>\nThis wine is sold in <strong>cardboard boxes of 15 bottles<\/strong> (70 cl) or <strong>20 bottles<\/strong> (50 cl or 35 cl).<\/p>\n","protected":false},"featured_media":6634,"comment_status":"open","ping_status":"closed","template":"","meta":[],"product_brand":[],"product_cat":[161],"product_tag":[],"class_list":{"0":"post-1629","1":"product","2":"type-product","3":"status-publish","4":"has-post-thumbnail","6":"product_cat-white","7":"product_shipping_class-carton-en","9":"first","10":"instock","11":"featured","12":"taxable","13":"shipping-taxable","14":"purchasable","15":"product-type-variable","16":"has-default-attributes"},"bundled_by":["7474"],"bundle_stock_status":"instock","bundle_stock_quantity":null,"bundle_virtual":false,"bundle_layout":"","bundle_add_to_cart_form_location":"","bundle_editable_in_cart":false,"bundle_sold_individually_context":"","bundle_item_grouping":"","bundle_min_size":"","bundle_max_size":"","bundle_price":[],"bundled_items":[],"bundle_sell_ids":[],"yoast_head":"<!-- This site is optimized with the Yoast SEO plugin v27.5 - https:\/\/yoast.com\/product\/yoast-seo-wordpress\/ -->\n<title>F\u00e9chy AOC La C\u00f4te Cave de la Crausaz - Cave de la Crausaz<\/title>\n<meta name=\"robots\" content=\"index, follow, max-snippet:-1, max-image-preview:large, max-video-preview:-1\" \/>\n<link rel=\"canonical\" href=\"https:\/\/www.cavedelacrausaz.ch\/en\/produit\/fechy-aoc-la-cote-cave-de-la-crausaz\/\" \/>\n<meta property=\"og:locale\" content=\"en_US\" \/>\n<meta property=\"og:type\" content=\"article\" \/>\n<meta property=\"og:title\" content=\"F\u00e9chy AOC La C\u00f4te Cave de la Crausaz - Cave de la Crausaz\" \/>\n<meta property=\"og:description\" content=\"A fine, fruity and wonderfully generous wine.The soil of F\u00e9chy gives this wine its characteristic bouquet and its exceptionally rich taste. Our latest award \u00a0 \u00a0\u00a0 This wine is sold in cardboard boxes of 15 bottles (70 cl) or 20 bottles (50 cl or 35 cl).\" \/>\n<meta property=\"og:url\" content=\"https:\/\/www.cavedelacrausaz.ch\/en\/produit\/fechy-aoc-la-cote-cave-de-la-crausaz\/\" \/>\n<meta property=\"og:site_name\" content=\"Cave de la Crausaz\" \/>\n<meta property=\"article:publisher\" content=\"https:\/\/www.facebook.com\/cavedelacrausaz\/\" \/>\n<meta property=\"article:modified_time\" content=\"2023-05-10T19:27:26+00:00\" \/>\n<meta property=\"og:image\" content=\"https:\/\/www.cavedelacrausaz.ch\/wp-content\/uploads\/cave-de-la-crausaz-fechy-aoc-la-cote.png\" \/>\n\t<meta property=\"og:image:width\" content=\"445\" \/>\n\t<meta property=\"og:image:height\" content=\"1840\" \/>\n\t<meta property=\"og:image:type\" content=\"image\/png\" \/>\n<meta name=\"twitter:card\" content=\"summary_large_image\" \/>\n<script type=\"application\/ld+json\" class=\"yoast-schema-graph\">{\"@context\":\"https:\\\/\\\/schema.org\",\"@graph\":[{\"@type\":\"WebPage\",\"@id\":\"https:\\\/\\\/www.cavedelacrausaz.ch\\\/en\\\/produit\\\/fechy-aoc-la-cote-cave-de-la-crausaz\\\/\",\"url\":\"https:\\\/\\\/www.cavedelacrausaz.ch\\\/en\\\/produit\\\/fechy-aoc-la-cote-cave-de-la-crausaz\\\/\",\"name\":\"F\u00e9chy AOC La C\u00f4te Cave de la Crausaz - Cave de la Crausaz\",\"isPartOf\":{\"@id\":\"https:\\\/\\\/www.cavedelacrausaz.ch\\\/en\\\/#website\"},\"primaryImageOfPage\":{\"@id\":\"https:\\\/\\\/www.cavedelacrausaz.ch\\\/en\\\/produit\\\/fechy-aoc-la-cote-cave-de-la-crausaz\\\/#primaryimage\"},\"image\":{\"@id\":\"https:\\\/\\\/www.cavedelacrausaz.ch\\\/en\\\/produit\\\/fechy-aoc-la-cote-cave-de-la-crausaz\\\/#primaryimage\"},\"thumbnailUrl\":\"https:\\\/\\\/www.cavedelacrausaz.ch\\\/wp-content\\\/uploads\\\/cave-de-la-crausaz-fechy-aoc-la-cote.png\",\"datePublished\":\"2016-09-01T15:29:25+00:00\",\"dateModified\":\"2023-05-10T19:27:26+00:00\",\"breadcrumb\":{\"@id\":\"https:\\\/\\\/www.cavedelacrausaz.ch\\\/en\\\/produit\\\/fechy-aoc-la-cote-cave-de-la-crausaz\\\/#breadcrumb\"},\"inLanguage\":\"en-US\",\"potentialAction\":[{\"@type\":\"ReadAction\",\"target\":[\"https:\\\/\\\/www.cavedelacrausaz.ch\\\/en\\\/produit\\\/fechy-aoc-la-cote-cave-de-la-crausaz\\\/\"]}]},{\"@type\":\"ImageObject\",\"inLanguage\":\"en-US\",\"@id\":\"https:\\\/\\\/www.cavedelacrausaz.ch\\\/en\\\/produit\\\/fechy-aoc-la-cote-cave-de-la-crausaz\\\/#primaryimage\",\"url\":\"https:\\\/\\\/www.cavedelacrausaz.ch\\\/wp-content\\\/uploads\\\/cave-de-la-crausaz-fechy-aoc-la-cote.png\",\"contentUrl\":\"https:\\\/\\\/www.cavedelacrausaz.ch\\\/wp-content\\\/uploads\\\/cave-de-la-crausaz-fechy-aoc-la-cote.png\",\"width\":445,\"height\":1840},{\"@type\":\"BreadcrumbList\",\"@id\":\"https:\\\/\\\/www.cavedelacrausaz.ch\\\/en\\\/produit\\\/fechy-aoc-la-cote-cave-de-la-crausaz\\\/#breadcrumb\",\"itemListElement\":[{\"@type\":\"ListItem\",\"position\":1,\"name\":\"Accueil\",\"item\":\"https:\\\/\\\/www.cavedelacrausaz.ch\\\/en\\\/\"},{\"@type\":\"ListItem\",\"position\":2,\"name\":\"Our products\",\"item\":\"https:\\\/\\\/www.cavedelacrausaz.ch\\\/en\\\/our-products\\\/\"},{\"@type\":\"ListItem\",\"position\":3,\"name\":\"F\u00e9chy AOC La C\u00f4te Cave de la Crausaz\"}]},{\"@type\":\"WebSite\",\"@id\":\"https:\\\/\\\/www.cavedelacrausaz.ch\\\/en\\\/#website\",\"url\":\"https:\\\/\\\/www.cavedelacrausaz.ch\\\/en\\\/\",\"name\":\"Cave de la Crausaz\",\"description\":\"Bettems Fr\u00e8res SA - F\u00e9chy\",\"potentialAction\":[{\"@type\":\"SearchAction\",\"target\":{\"@type\":\"EntryPoint\",\"urlTemplate\":\"https:\\\/\\\/www.cavedelacrausaz.ch\\\/en\\\/?s={search_term_string}\"},\"query-input\":{\"@type\":\"PropertyValueSpecification\",\"valueRequired\":true,\"valueName\":\"search_term_string\"}}],\"inLanguage\":\"en-US\"}]}<\/script>\n<!-- \/ Yoast SEO plugin. -->","yoast_head_json":{"title":"F\u00e9chy AOC La C\u00f4te Cave de la Crausaz - Cave de la Crausaz","robots":{"index":"index","follow":"follow","max-snippet":"max-snippet:-1","max-image-preview":"max-image-preview:large","max-video-preview":"max-video-preview:-1"},"canonical":"https:\/\/www.cavedelacrausaz.ch\/en\/produit\/fechy-aoc-la-cote-cave-de-la-crausaz\/","og_locale":"en_US","og_type":"article","og_title":"F\u00e9chy AOC La C\u00f4te Cave de la Crausaz - Cave de la Crausaz","og_description":"A fine, fruity and wonderfully generous wine.The soil of F\u00e9chy gives this wine its characteristic bouquet and its exceptionally rich taste. Our latest award \u00a0 \u00a0\u00a0 This wine is sold in cardboard boxes of 15 bottles (70 cl) or 20 bottles (50 cl or 35 cl).","og_url":"https:\/\/www.cavedelacrausaz.ch\/en\/produit\/fechy-aoc-la-cote-cave-de-la-crausaz\/","og_site_name":"Cave de la Crausaz","article_publisher":"https:\/\/www.facebook.com\/cavedelacrausaz\/","article_modified_time":"2023-05-10T19:27:26+00:00","og_image":[{"width":445,"height":1840,"url":"https:\/\/www.cavedelacrausaz.ch\/wp-content\/uploads\/cave-de-la-crausaz-fechy-aoc-la-cote.png","type":"image\/png"}],"twitter_card":"summary_large_image","schema":{"@context":"https:\/\/schema.org","@graph":[{"@type":"WebPage","@id":"https:\/\/www.cavedelacrausaz.ch\/en\/produit\/fechy-aoc-la-cote-cave-de-la-crausaz\/","url":"https:\/\/www.cavedelacrausaz.ch\/en\/produit\/fechy-aoc-la-cote-cave-de-la-crausaz\/","name":"F\u00e9chy AOC La C\u00f4te Cave de la Crausaz - Cave de la Crausaz","isPartOf":{"@id":"https:\/\/www.cavedelacrausaz.ch\/en\/#website"},"primaryImageOfPage":{"@id":"https:\/\/www.cavedelacrausaz.ch\/en\/produit\/fechy-aoc-la-cote-cave-de-la-crausaz\/#primaryimage"},"image":{"@id":"https:\/\/www.cavedelacrausaz.ch\/en\/produit\/fechy-aoc-la-cote-cave-de-la-crausaz\/#primaryimage"},"thumbnailUrl":"https:\/\/www.cavedelacrausaz.ch\/wp-content\/uploads\/cave-de-la-crausaz-fechy-aoc-la-cote.png","datePublished":"2016-09-01T15:29:25+00:00","dateModified":"2023-05-10T19:27:26+00:00","breadcrumb":{"@id":"https:\/\/www.cavedelacrausaz.ch\/en\/produit\/fechy-aoc-la-cote-cave-de-la-crausaz\/#breadcrumb"},"inLanguage":"en-US","potentialAction":[{"@type":"ReadAction","target":["https:\/\/www.cavedelacrausaz.ch\/en\/produit\/fechy-aoc-la-cote-cave-de-la-crausaz\/"]}]},{"@type":"ImageObject","inLanguage":"en-US","@id":"https:\/\/www.cavedelacrausaz.ch\/en\/produit\/fechy-aoc-la-cote-cave-de-la-crausaz\/#primaryimage","url":"https:\/\/www.cavedelacrausaz.ch\/wp-content\/uploads\/cave-de-la-crausaz-fechy-aoc-la-cote.png","contentUrl":"https:\/\/www.cavedelacrausaz.ch\/wp-content\/uploads\/cave-de-la-crausaz-fechy-aoc-la-cote.png","width":445,"height":1840},{"@type":"BreadcrumbList","@id":"https:\/\/www.cavedelacrausaz.ch\/en\/produit\/fechy-aoc-la-cote-cave-de-la-crausaz\/#breadcrumb","itemListElement":[{"@type":"ListItem","position":1,"name":"Accueil","item":"https:\/\/www.cavedelacrausaz.ch\/en\/"},{"@type":"ListItem","position":2,"name":"Our products","item":"https:\/\/www.cavedelacrausaz.ch\/en\/our-products\/"},{"@type":"ListItem","position":3,"name":"F\u00e9chy AOC La C\u00f4te Cave de la Crausaz"}]},{"@type":"WebSite","@id":"https:\/\/www.cavedelacrausaz.ch\/en\/#website","url":"https:\/\/www.cavedelacrausaz.ch\/en\/","name":"Cave de la Crausaz","description":"Bettems Fr\u00e8res SA - F\u00e9chy","potentialAction":[{"@type":"SearchAction","target":{"@type":"EntryPoint","urlTemplate":"https:\/\/www.cavedelacrausaz.ch\/en\/?s={search_term_string}"},"query-input":{"@type":"PropertyValueSpecification","valueRequired":true,"valueName":"search_term_string"}}],"inLanguage":"en-US"}]}},"_links":{"self":[{"href":"https:\/\/www.cavedelacrausaz.ch\/en\/wp-json\/wp\/v2\/product\/1629","targetHints":{"allow":["GET"]}}],"collection":[{"href":"https:\/\/www.cavedelacrausaz.ch\/en\/wp-json\/wp\/v2\/product"}],"about":[{"href":"https:\/\/www.cavedelacrausaz.ch\/en\/wp-json\/wp\/v2\/types\/product"}],"replies":[{"embeddable":true,"href":"https:\/\/www.cavedelacrausaz.ch\/en\/wp-json\/wp\/v2\/comments?post=1629"}],"wp:featuredmedia":[{"embeddable":true,"href":"https:\/\/www.cavedelacrausaz.ch\/en\/wp-json\/wp\/v2\/media\/6634"}],"wp:attachment":[{"href":"https:\/\/www.cavedelacrausaz.ch\/en\/wp-json\/wp\/v2\/media?parent=1629"}],"wp:term":[{"taxonomy":"product_brand","embeddable":true,"href":"https:\/\/www.cavedelacrausaz.ch\/en\/wp-json\/wp\/v2\/product_brand?post=1629"},{"taxonomy":"product_cat","embeddable":true,"href":"https:\/\/www.cavedelacrausaz.ch\/en\/wp-json\/wp\/v2\/product_cat?post=1629"},{"taxonomy":"product_tag","embeddable":true,"href":"https:\/\/www.cavedelacrausaz.ch\/en\/wp-json\/wp\/v2\/product_tag?post=1629"}],"curies":[{"name":"wp","href":"https:\/\/api.w.org\/{rel}","templated":true}]}}