{"id":8286,"date":"2026-04-08T13:22:45","date_gmt":"2026-04-08T11:22:45","guid":{"rendered":"https:\/\/www.cavedelacrausaz.ch\/?post_type=product&#038;p=8286"},"modified":"2026-04-08T14:14:27","modified_gmt":"2026-04-08T12:14:27","slug":"schaumwein-copie","status":"publish","type":"product","link":"https:\/\/www.cavedelacrausaz.ch\/de\/produit\/schaumwein-copie\/","title":{"rendered":"Cr00se \u2013 Alkoholfreies Wein-Getr\u00e4nk 0.0%"},"content":{"rendered":"<p>G\u00f6nnen Sie sich die Eleganz alkoholfreier Perlen. Unser sch\u00e4umendes Getr\u00e4nk auf Basis von entalkoholisiertem Wein vereint Finesse, Frische und Genuss und bietet ein raffiniertes Erlebnis zu jeder Tageszeit.<\/p>\n<p>Hergestellt aus sorgf\u00e4ltig entalkoholisiertem Wein, bewahrt es die volle aromatische Vielfalt des Weins, veredelt durch eine feine Perlage. Seine fruchtigen und leicht floralen Noten machen es zu einer idealen Alternative zu alkoholischen Getr\u00e4nken \u2013 ganz ohne Kompromisse beim Geschmack.<\/p>\n<p>Perfekt f\u00fcr den Ap\u00e9ritif, besondere Anl\u00e4sse oder einfach, um sich selbst etwas Gutes zu tun.<\/p>\n","protected":false},"excerpt":{"rendered":"<p>G\u00f6nnen Sie sich die Eleganz alkoholfreier Perlen. Unser sch\u00e4umendes Getr\u00e4nk auf Basis von entalkoholisiertem Wein vereint Finesse, Frische und Genuss und bietet ein raffiniertes Erlebnis zu jeder Tageszeit. Hergestellt aus sorgf\u00e4ltig entalkoholisiertem Wein, bewahrt es die volle aromatische Vielfalt des Weins, veredelt durch eine feine Perlage. Seine fruchtigen und leicht floralen Noten machen es zu [&hellip;]<\/p>\n","protected":false},"featured_media":8283,"comment_status":"open","ping_status":"closed","template":"","meta":[],"product_brand":[],"product_cat":[313],"product_tag":[],"class_list":{"0":"post-8286","1":"product","2":"type-product","3":"status-publish","4":"has-post-thumbnail","6":"product_cat-schaumwein","7":"product_shipping_class-bouteille-de","9":"first","10":"instock","11":"sale","12":"taxable","13":"shipping-taxable","14":"purchasable","15":"product-type-variable"},"bundled_by":[],"bundle_stock_status":"instock","bundle_stock_quantity":null,"bundle_virtual":false,"bundle_layout":"","bundle_add_to_cart_form_location":"","bundle_editable_in_cart":false,"bundle_sold_individually_context":"","bundle_item_grouping":"","bundle_min_size":"","bundle_max_size":"","bundle_price":[],"bundled_items":[],"bundle_sell_ids":[],"yoast_head":"<!-- This site is optimized with the Yoast SEO plugin v27.3 - https:\/\/yoast.com\/product\/yoast-seo-wordpress\/ -->\n<title>Cr00se \u2013 Alkoholfreies Wein-Getr\u00e4nk 0.0% - Cave de la Crausaz<\/title>\n<meta name=\"robots\" content=\"index, follow, max-snippet:-1, max-image-preview:large, max-video-preview:-1\" \/>\n<link rel=\"canonical\" href=\"https:\/\/www.cavedelacrausaz.ch\/de\/produit\/schaumwein-copie\/\" \/>\n<meta property=\"og:locale\" content=\"de_DE\" \/>\n<meta property=\"og:type\" content=\"article\" \/>\n<meta property=\"og:title\" content=\"Cr00se \u2013 Alkoholfreies Wein-Getr\u00e4nk 0.0% - Cave de la Crausaz\" \/>\n<meta property=\"og:description\" content=\"G\u00f6nnen Sie sich die Eleganz alkoholfreier Perlen. Unser sch\u00e4umendes Getr\u00e4nk auf Basis von entalkoholisiertem Wein vereint Finesse, Frische und Genuss und bietet ein raffiniertes Erlebnis zu jeder Tageszeit. Hergestellt aus sorgf\u00e4ltig entalkoholisiertem Wein, bewahrt es die volle aromatische Vielfalt des Weins, veredelt durch eine feine Perlage. Seine fruchtigen und leicht floralen Noten machen es zu [&hellip;]\" \/>\n<meta property=\"og:url\" content=\"https:\/\/www.cavedelacrausaz.ch\/de\/produit\/schaumwein-copie\/\" \/>\n<meta property=\"og:site_name\" content=\"Cave de la Crausaz\" \/>\n<meta property=\"article:publisher\" content=\"https:\/\/www.facebook.com\/cavedelacrausaz\/\" \/>\n<meta property=\"article:modified_time\" content=\"2026-04-08T12:14:27+00:00\" \/>\n<meta property=\"og:image\" content=\"https:\/\/www.cavedelacrausaz.ch\/wp-content\/uploads\/Design-sans-titre-16.png\" \/>\n\t<meta property=\"og:image:width\" content=\"1000\" \/>\n\t<meta property=\"og:image:height\" content=\"1000\" \/>\n\t<meta property=\"og:image:type\" content=\"image\/png\" \/>\n<meta name=\"twitter:card\" content=\"summary_large_image\" \/>\n<script type=\"application\/ld+json\" class=\"yoast-schema-graph\">{\"@context\":\"https:\\\/\\\/schema.org\",\"@graph\":[{\"@type\":\"WebPage\",\"@id\":\"https:\\\/\\\/www.cavedelacrausaz.ch\\\/de\\\/produit\\\/schaumwein-copie\\\/\",\"url\":\"https:\\\/\\\/www.cavedelacrausaz.ch\\\/de\\\/produit\\\/schaumwein-copie\\\/\",\"name\":\"Cr00se \u2013 Alkoholfreies Wein-Getr\u00e4nk 0.0% - Cave de la Crausaz\",\"isPartOf\":{\"@id\":\"https:\\\/\\\/www.cavedelacrausaz.ch\\\/de\\\/#website\"},\"primaryImageOfPage\":{\"@id\":\"https:\\\/\\\/www.cavedelacrausaz.ch\\\/de\\\/produit\\\/schaumwein-copie\\\/#primaryimage\"},\"image\":{\"@id\":\"https:\\\/\\\/www.cavedelacrausaz.ch\\\/de\\\/produit\\\/schaumwein-copie\\\/#primaryimage\"},\"thumbnailUrl\":\"https:\\\/\\\/www.cavedelacrausaz.ch\\\/wp-content\\\/uploads\\\/Design-sans-titre-16.png\",\"datePublished\":\"2026-04-08T11:22:45+00:00\",\"dateModified\":\"2026-04-08T12:14:27+00:00\",\"breadcrumb\":{\"@id\":\"https:\\\/\\\/www.cavedelacrausaz.ch\\\/de\\\/produit\\\/schaumwein-copie\\\/#breadcrumb\"},\"inLanguage\":\"de\",\"potentialAction\":[{\"@type\":\"ReadAction\",\"target\":[\"https:\\\/\\\/www.cavedelacrausaz.ch\\\/de\\\/produit\\\/schaumwein-copie\\\/\"]}]},{\"@type\":\"ImageObject\",\"inLanguage\":\"de\",\"@id\":\"https:\\\/\\\/www.cavedelacrausaz.ch\\\/de\\\/produit\\\/schaumwein-copie\\\/#primaryimage\",\"url\":\"https:\\\/\\\/www.cavedelacrausaz.ch\\\/wp-content\\\/uploads\\\/Design-sans-titre-16.png\",\"contentUrl\":\"https:\\\/\\\/www.cavedelacrausaz.ch\\\/wp-content\\\/uploads\\\/Design-sans-titre-16.png\",\"width\":1000,\"height\":1000},{\"@type\":\"BreadcrumbList\",\"@id\":\"https:\\\/\\\/www.cavedelacrausaz.ch\\\/de\\\/produit\\\/schaumwein-copie\\\/#breadcrumb\",\"itemListElement\":[{\"@type\":\"ListItem\",\"position\":1,\"name\":\"Accueil\",\"item\":\"https:\\\/\\\/www.cavedelacrausaz.ch\\\/de\\\/\"},{\"@type\":\"ListItem\",\"position\":2,\"name\":\"Unsere Produkte\",\"item\":\"https:\\\/\\\/www.cavedelacrausaz.ch\\\/de\\\/unsere-produkte\\\/\"},{\"@type\":\"ListItem\",\"position\":3,\"name\":\"Cr00se \u2013 Alkoholfreies Wein-Getr\u00e4nk 0.0%\"}]},{\"@type\":\"WebSite\",\"@id\":\"https:\\\/\\\/www.cavedelacrausaz.ch\\\/de\\\/#website\",\"url\":\"https:\\\/\\\/www.cavedelacrausaz.ch\\\/de\\\/\",\"name\":\"Cave de la Crausaz\",\"description\":\"Bettems Fr\u00e8res SA - F\u00e9chy\",\"potentialAction\":[{\"@type\":\"SearchAction\",\"target\":{\"@type\":\"EntryPoint\",\"urlTemplate\":\"https:\\\/\\\/www.cavedelacrausaz.ch\\\/de\\\/?s={search_term_string}\"},\"query-input\":{\"@type\":\"PropertyValueSpecification\",\"valueRequired\":true,\"valueName\":\"search_term_string\"}}],\"inLanguage\":\"de\"}]}<\/script>\n<!-- \/ Yoast SEO plugin. -->","yoast_head_json":{"title":"Cr00se \u2013 Alkoholfreies Wein-Getr\u00e4nk 0.0% - Cave de la Crausaz","robots":{"index":"index","follow":"follow","max-snippet":"max-snippet:-1","max-image-preview":"max-image-preview:large","max-video-preview":"max-video-preview:-1"},"canonical":"https:\/\/www.cavedelacrausaz.ch\/de\/produit\/schaumwein-copie\/","og_locale":"de_DE","og_type":"article","og_title":"Cr00se \u2013 Alkoholfreies Wein-Getr\u00e4nk 0.0% - Cave de la Crausaz","og_description":"G\u00f6nnen Sie sich die Eleganz alkoholfreier Perlen. Unser sch\u00e4umendes Getr\u00e4nk auf Basis von entalkoholisiertem Wein vereint Finesse, Frische und Genuss und bietet ein raffiniertes Erlebnis zu jeder Tageszeit. Hergestellt aus sorgf\u00e4ltig entalkoholisiertem Wein, bewahrt es die volle aromatische Vielfalt des Weins, veredelt durch eine feine Perlage. Seine fruchtigen und leicht floralen Noten machen es zu [&hellip;]","og_url":"https:\/\/www.cavedelacrausaz.ch\/de\/produit\/schaumwein-copie\/","og_site_name":"Cave de la Crausaz","article_publisher":"https:\/\/www.facebook.com\/cavedelacrausaz\/","article_modified_time":"2026-04-08T12:14:27+00:00","og_image":[{"width":1000,"height":1000,"url":"https:\/\/www.cavedelacrausaz.ch\/wp-content\/uploads\/Design-sans-titre-16.png","type":"image\/png"}],"twitter_card":"summary_large_image","schema":{"@context":"https:\/\/schema.org","@graph":[{"@type":"WebPage","@id":"https:\/\/www.cavedelacrausaz.ch\/de\/produit\/schaumwein-copie\/","url":"https:\/\/www.cavedelacrausaz.ch\/de\/produit\/schaumwein-copie\/","name":"Cr00se \u2013 Alkoholfreies Wein-Getr\u00e4nk 0.0% - Cave de la Crausaz","isPartOf":{"@id":"https:\/\/www.cavedelacrausaz.ch\/de\/#website"},"primaryImageOfPage":{"@id":"https:\/\/www.cavedelacrausaz.ch\/de\/produit\/schaumwein-copie\/#primaryimage"},"image":{"@id":"https:\/\/www.cavedelacrausaz.ch\/de\/produit\/schaumwein-copie\/#primaryimage"},"thumbnailUrl":"https:\/\/www.cavedelacrausaz.ch\/wp-content\/uploads\/Design-sans-titre-16.png","datePublished":"2026-04-08T11:22:45+00:00","dateModified":"2026-04-08T12:14:27+00:00","breadcrumb":{"@id":"https:\/\/www.cavedelacrausaz.ch\/de\/produit\/schaumwein-copie\/#breadcrumb"},"inLanguage":"de","potentialAction":[{"@type":"ReadAction","target":["https:\/\/www.cavedelacrausaz.ch\/de\/produit\/schaumwein-copie\/"]}]},{"@type":"ImageObject","inLanguage":"de","@id":"https:\/\/www.cavedelacrausaz.ch\/de\/produit\/schaumwein-copie\/#primaryimage","url":"https:\/\/www.cavedelacrausaz.ch\/wp-content\/uploads\/Design-sans-titre-16.png","contentUrl":"https:\/\/www.cavedelacrausaz.ch\/wp-content\/uploads\/Design-sans-titre-16.png","width":1000,"height":1000},{"@type":"BreadcrumbList","@id":"https:\/\/www.cavedelacrausaz.ch\/de\/produit\/schaumwein-copie\/#breadcrumb","itemListElement":[{"@type":"ListItem","position":1,"name":"Accueil","item":"https:\/\/www.cavedelacrausaz.ch\/de\/"},{"@type":"ListItem","position":2,"name":"Unsere Produkte","item":"https:\/\/www.cavedelacrausaz.ch\/de\/unsere-produkte\/"},{"@type":"ListItem","position":3,"name":"Cr00se \u2013 Alkoholfreies Wein-Getr\u00e4nk 0.0%"}]},{"@type":"WebSite","@id":"https:\/\/www.cavedelacrausaz.ch\/de\/#website","url":"https:\/\/www.cavedelacrausaz.ch\/de\/","name":"Cave de la Crausaz","description":"Bettems Fr\u00e8res SA - F\u00e9chy","potentialAction":[{"@type":"SearchAction","target":{"@type":"EntryPoint","urlTemplate":"https:\/\/www.cavedelacrausaz.ch\/de\/?s={search_term_string}"},"query-input":{"@type":"PropertyValueSpecification","valueRequired":true,"valueName":"search_term_string"}}],"inLanguage":"de"}]}},"_links":{"self":[{"href":"https:\/\/www.cavedelacrausaz.ch\/de\/wp-json\/wp\/v2\/product\/8286","targetHints":{"allow":["GET"]}}],"collection":[{"href":"https:\/\/www.cavedelacrausaz.ch\/de\/wp-json\/wp\/v2\/product"}],"about":[{"href":"https:\/\/www.cavedelacrausaz.ch\/de\/wp-json\/wp\/v2\/types\/product"}],"replies":[{"embeddable":true,"href":"https:\/\/www.cavedelacrausaz.ch\/de\/wp-json\/wp\/v2\/comments?post=8286"}],"wp:featuredmedia":[{"embeddable":true,"href":"https:\/\/www.cavedelacrausaz.ch\/de\/wp-json\/wp\/v2\/media\/8283"}],"wp:attachment":[{"href":"https:\/\/www.cavedelacrausaz.ch\/de\/wp-json\/wp\/v2\/media?parent=8286"}],"wp:term":[{"taxonomy":"product_brand","embeddable":true,"href":"https:\/\/www.cavedelacrausaz.ch\/de\/wp-json\/wp\/v2\/product_brand?post=8286"},{"taxonomy":"product_cat","embeddable":true,"href":"https:\/\/www.cavedelacrausaz.ch\/de\/wp-json\/wp\/v2\/product_cat?post=8286"},{"taxonomy":"product_tag","embeddable":true,"href":"https:\/\/www.cavedelacrausaz.ch\/de\/wp-json\/wp\/v2\/product_tag?post=8286"}],"curies":[{"name":"wp","href":"https:\/\/api.w.org\/{rel}","templated":true}]}}