{"id":2841,"date":"2018-06-12T09:41:42","date_gmt":"2018-06-12T07:41:42","guid":{"rendered":"https:\/\/www.cavedelacrausaz.ch\/produit\/assortiment-decouverte-6-bouteilles\/"},"modified":"2021-04-09T15:50:32","modified_gmt":"2021-04-09T13:50:32","slug":"schnuppersortiment-6-flaschen","status":"publish","type":"product","link":"https:\/\/www.cavedelacrausaz.ch\/de\/produit\/schnuppersortiment-6-flaschen\/","title":{"rendered":"Schnuppersortiment 6 Flaschen (zu w\u00e4hlen)"},"content":{"rendered":"<p>Stellen Sie Ihre eigene Probierbox (3 Flaschen) aus den besten Weinen unseres eigenen Weinguts und des Weinguts Le Vieux Coteau zusammen. Ideal zum Verschenken oder zum selber Ausprobieren.<\/p>\n","protected":false},"excerpt":{"rendered":"<p>Stellen Sie Ihre eigene Probierbox (3 Flaschen) aus den besten Weinen unseres eigenen Weinguts und des Weinguts Le Vieux Coteau zusammen. Ideal zum Verschenken oder zum selber Ausprobieren.<\/p>\n<h4>W\u00e4hlen Sie 6 Flaschen f\u00fcr Ihre Probierbox aus:<\/h4>\n","protected":false},"featured_media":4618,"comment_status":"closed","ping_status":"closed","template":"","meta":[],"product_brand":[],"product_cat":[270],"product_tag":[],"class_list":{"0":"post-2841","1":"product","2":"type-product","3":"status-publish","4":"has-post-thumbnail","6":"product_cat-schnuppersortiment","7":"product_shipping_class-carton-de","9":"first","10":"instock","11":"taxable","12":"shipping-taxable","13":"purchasable","14":"product-type-bundle"},"bundled_by":[],"bundle_stock_status":"instock","bundle_stock_quantity":"","bundle_virtual":false,"bundle_layout":"default","bundle_add_to_cart_form_location":"default","bundle_editable_in_cart":false,"bundle_sold_individually_context":"product","bundle_item_grouping":"parent","bundle_min_size":"","bundle_max_size":"","bundle_price":{"price":{"min":{"incl_tax":"0.00","excl_tax":"0.00"},"max":{"incl_tax":"903.6","excl_tax":"840.39"}},"regular_price":{"min":{"incl_tax":"0.00","excl_tax":"0.00"},"max":{"incl_tax":"903.6","excl_tax":"840.39"}}},"bundled_items":[{"bundled_item_id":86,"product_id":2614,"menu_order":0,"quantity_min":0,"quantity_max":6,"quantity_default":0,"priced_individually":true,"shipped_individually":true,"override_title":false,"title":"F\u00e9chy AOC La C\u00f4te Grand Cru En Crausaz","override_description":false,"description":"F\u00e9chy AOC La C\u00f4te Grand Cru En Crausaz","optional":false,"hide_thumbnail":false,"discount":"","override_variations":false,"allowed_variations":[""],"override_default_variation_attributes":false,"default_variation_attributes":[],"single_product_visibility":"visible","cart_visibility":"visible","order_visibility":"visible","single_product_price_visibility":"hidden","cart_price_visibility":"hidden","order_price_visibility":"hidden","stock_status":"in_stock"},{"bundled_item_id":87,"product_id":2822,"menu_order":1,"quantity_min":0,"quantity_max":6,"quantity_default":0,"priced_individually":true,"shipped_individually":true,"override_title":false,"title":"F\u00e9chy AOC La C\u00f4te Cave de la Crausaz","override_description":false,"description":"F\u00e9chy AOC La C\u00f4te Cave de la Crausaz","optional":false,"hide_thumbnail":false,"discount":"","override_variations":false,"allowed_variations":[""],"override_default_variation_attributes":false,"default_variation_attributes":[],"single_product_visibility":"visible","cart_visibility":"visible","order_visibility":"visible","single_product_price_visibility":"hidden","cart_price_visibility":"hidden","order_price_visibility":"hidden","stock_status":"in_stock"},{"bundled_item_id":88,"product_id":2618,"menu_order":2,"quantity_min":0,"quantity_max":6,"quantity_default":0,"priced_individually":true,"shipped_individually":true,"override_title":false,"title":"Chardonnay F\u00e9chy AOC La C\u00f4te","override_description":false,"description":"Chardonnay F\u00e9chy AOC La C\u00f4te","optional":false,"hide_thumbnail":false,"discount":"","override_variations":false,"allowed_variations":[""],"override_default_variation_attributes":false,"default_variation_attributes":[],"single_product_visibility":"visible","cart_visibility":"visible","order_visibility":"visible","single_product_price_visibility":"hidden","cart_price_visibility":"hidden","order_price_visibility":"hidden","stock_status":"in_stock"},{"bundled_item_id":89,"product_id":2820,"menu_order":3,"quantity_min":0,"quantity_max":6,"quantity_default":0,"priced_individually":true,"shipped_individually":true,"override_title":false,"title":"Ros\u00e9 de Pinot Noir VdP La Crausaline","override_description":false,"description":"Ros\u00e9 de Pinot Noir VdP La Crausaline","optional":false,"hide_thumbnail":false,"discount":"","override_variations":false,"allowed_variations":[""],"override_default_variation_attributes":false,"default_variation_attributes":[],"single_product_visibility":"visible","cart_visibility":"visible","order_visibility":"visible","single_product_price_visibility":"hidden","cart_price_visibility":"hidden","order_price_visibility":"hidden","stock_status":"in_stock"},{"bundled_item_id":90,"product_id":2823,"menu_order":4,"quantity_min":0,"quantity_max":6,"quantity_default":0,"priced_individually":true,"shipped_individually":true,"override_title":false,"title":"Assemblage Rouge VdP Les Bourrons","override_description":false,"description":"Assemblage Rouge VdP Les Bourrons","optional":false,"hide_thumbnail":false,"discount":"","override_variations":false,"allowed_variations":[""],"override_default_variation_attributes":false,"default_variation_attributes":[],"single_product_visibility":"visible","cart_visibility":"visible","order_visibility":"visible","single_product_price_visibility":"hidden","cart_price_visibility":"hidden","order_price_visibility":"hidden","stock_status":"in_stock"},{"bundled_item_id":91,"product_id":2667,"menu_order":5,"quantity_min":0,"quantity_max":6,"quantity_default":0,"priced_individually":true,"shipped_individually":true,"override_title":false,"title":"Vieux Coteau &#8211; Chasselas F\u00e9chy AOC La C\u00f4te","override_description":false,"description":"Vieux Coteau &#8211; Chasselas F\u00e9chy AOC La C\u00f4te","optional":false,"hide_thumbnail":false,"discount":"","override_variations":false,"allowed_variations":[""],"override_default_variation_attributes":false,"default_variation_attributes":[],"single_product_visibility":"visible","cart_visibility":"visible","order_visibility":"visible","single_product_price_visibility":"hidden","cart_price_visibility":"hidden","order_price_visibility":"hidden","stock_status":"in_stock"},{"bundled_item_id":92,"product_id":2672,"menu_order":6,"quantity_min":0,"quantity_max":6,"quantity_default":0,"priced_individually":true,"shipped_individually":true,"override_title":false,"title":"Vieux Coteau &#8211; Grand Cru Barrettes F\u00e9chy La C\u00f4te AOC","override_description":false,"description":"Vieux Coteau &#8211; Grand Cru Barrettes F\u00e9chy La C\u00f4te AOC","optional":false,"hide_thumbnail":false,"discount":"","override_variations":false,"allowed_variations":[""],"override_default_variation_attributes":false,"default_variation_attributes":[],"single_product_visibility":"visible","cart_visibility":"visible","order_visibility":"visible","single_product_price_visibility":"hidden","cart_price_visibility":"hidden","order_price_visibility":"hidden","stock_status":"in_stock"},{"bundled_item_id":93,"product_id":2676,"menu_order":7,"quantity_min":0,"quantity_max":6,"quantity_default":0,"priced_individually":true,"shipped_individually":true,"override_title":false,"title":"Vieux Coteau &#8211; Ros\u00e9 de gamay A c\u0153ur perdu F\u00e9chy AOC La C\u00f4te","override_description":false,"description":"Vieux Coteau &#8211; Ros\u00e9 de gamay A c\u0153ur perdu F\u00e9chy AOC La C\u00f4te","optional":false,"hide_thumbnail":false,"discount":"","override_variations":false,"allowed_variations":[""],"override_default_variation_attributes":false,"default_variation_attributes":[],"single_product_visibility":"visible","cart_visibility":"visible","order_visibility":"visible","single_product_price_visibility":"hidden","cart_price_visibility":"hidden","order_price_visibility":"hidden","stock_status":"in_stock"},{"bundled_item_id":94,"product_id":2679,"menu_order":8,"quantity_min":0,"quantity_max":6,"quantity_default":0,"priced_individually":true,"shipped_individually":true,"override_title":false,"title":"Vieux Coteau &#8211; Pinot noir Charme feu  F\u00e9chy AOC La C\u00f4te","override_description":false,"description":"Vieux Coteau &#8211; Pinot noir Charme feu  F\u00e9chy AOC La C\u00f4te","optional":false,"hide_thumbnail":false,"discount":"","override_variations":false,"allowed_variations":[""],"override_default_variation_attributes":false,"default_variation_attributes":[],"single_product_visibility":"visible","cart_visibility":"visible","order_visibility":"visible","single_product_price_visibility":"hidden","cart_price_visibility":"hidden","order_price_visibility":"hidden","stock_status":"in_stock"},{"bundled_item_id":95,"product_id":2682,"menu_order":9,"quantity_min":0,"quantity_max":6,"quantity_default":0,"priced_individually":true,"shipped_individually":true,"override_title":false,"title":"Vieux Coteau &#8211; Assemblage rouge All\u00e9gresse La C\u00f4te AOC","override_description":false,"description":"Vieux Coteau &#8211; Assemblage rouge All\u00e9gresse La C\u00f4te AOC","optional":false,"hide_thumbnail":false,"discount":"","override_variations":false,"allowed_variations":[""],"override_default_variation_attributes":false,"default_variation_attributes":[],"single_product_visibility":"visible","cart_visibility":"visible","order_visibility":"visible","single_product_price_visibility":"hidden","cart_price_visibility":"hidden","order_price_visibility":"hidden","stock_status":"in_stock"},{"bundled_item_id":96,"product_id":2802,"menu_order":10,"quantity_min":0,"quantity_max":6,"quantity_default":0,"priced_individually":true,"shipped_individually":true,"override_title":false,"title":"Vieux Coteau &#8211; Gamaret La C\u00f4te AOC","override_description":false,"description":"Vieux Coteau &#8211; Gamaret La C\u00f4te AOC","optional":false,"hide_thumbnail":false,"discount":"","override_variations":false,"allowed_variations":[""],"override_default_variation_attributes":false,"default_variation_attributes":[],"single_product_visibility":"visible","cart_visibility":"visible","order_visibility":"visible","single_product_price_visibility":"hidden","cart_price_visibility":"hidden","order_price_visibility":"hidden","stock_status":"out_of_stock"},{"bundled_item_id":97,"product_id":2808,"menu_order":11,"quantity_min":0,"quantity_max":6,"quantity_default":0,"priced_individually":true,"shipped_individually":true,"override_title":false,"title":"Vieux Coteau &#8211; Garanoir La C\u00f4te AOC","override_description":false,"description":"Vieux Coteau &#8211; Garanoir La C\u00f4te AOC","optional":false,"hide_thumbnail":false,"discount":"","override_variations":false,"allowed_variations":[""],"override_default_variation_attributes":false,"default_variation_attributes":[],"single_product_visibility":"visible","cart_visibility":"visible","order_visibility":"visible","single_product_price_visibility":"hidden","cart_price_visibility":"hidden","order_price_visibility":"hidden","stock_status":"out_of_stock"}],"bundle_sell_ids":[],"yoast_head":"<!-- This site is optimized with the Yoast SEO plugin v27.5 - https:\/\/yoast.com\/product\/yoast-seo-wordpress\/ -->\n<title>Schnuppersortiment 6 Flaschen (zu w\u00e4hlen) - Cave de la Crausaz<\/title>\n<meta name=\"robots\" content=\"index, follow, max-snippet:-1, max-image-preview:large, max-video-preview:-1\" \/>\n<link rel=\"canonical\" href=\"https:\/\/www.cavedelacrausaz.ch\/de\/produit\/schnuppersortiment-6-flaschen\/\" \/>\n<meta property=\"og:locale\" content=\"de_DE\" \/>\n<meta property=\"og:type\" content=\"article\" \/>\n<meta property=\"og:title\" content=\"Schnuppersortiment 6 Flaschen (zu w\u00e4hlen) - Cave de la Crausaz\" \/>\n<meta property=\"og:description\" content=\"Stellen Sie Ihre eigene Probierbox (3 Flaschen) aus den besten Weinen unseres eigenen Weinguts und des Weinguts Le Vieux Coteau zusammen. Ideal zum Verschenken oder zum selber Ausprobieren. W\u00e4hlen Sie 6 Flaschen f\u00fcr Ihre Probierbox aus:\" \/>\n<meta property=\"og:url\" content=\"https:\/\/www.cavedelacrausaz.ch\/de\/produit\/schnuppersortiment-6-flaschen\/\" \/>\n<meta property=\"og:site_name\" content=\"Cave de la Crausaz\" \/>\n<meta property=\"article:publisher\" content=\"https:\/\/www.facebook.com\/cavedelacrausaz\/\" \/>\n<meta property=\"article:modified_time\" content=\"2021-04-09T13:50:32+00:00\" \/>\n<meta property=\"og:image\" content=\"https:\/\/www.cavedelacrausaz.ch\/wp-content\/uploads\/carton-6-scaled.jpg\" \/>\n\t<meta property=\"og:image:width\" content=\"810\" \/>\n\t<meta property=\"og:image:height\" content=\"1080\" \/>\n\t<meta property=\"og:image:type\" content=\"image\/jpeg\" \/>\n<meta name=\"twitter:card\" content=\"summary_large_image\" \/>\n<script type=\"application\/ld+json\" class=\"yoast-schema-graph\">{\"@context\":\"https:\\\/\\\/schema.org\",\"@graph\":[{\"@type\":\"WebPage\",\"@id\":\"https:\\\/\\\/www.cavedelacrausaz.ch\\\/de\\\/produit\\\/schnuppersortiment-6-flaschen\\\/\",\"url\":\"https:\\\/\\\/www.cavedelacrausaz.ch\\\/de\\\/produit\\\/schnuppersortiment-6-flaschen\\\/\",\"name\":\"Schnuppersortiment 6 Flaschen (zu w\u00e4hlen) - Cave de la Crausaz\",\"isPartOf\":{\"@id\":\"https:\\\/\\\/www.cavedelacrausaz.ch\\\/de\\\/#website\"},\"primaryImageOfPage\":{\"@id\":\"https:\\\/\\\/www.cavedelacrausaz.ch\\\/de\\\/produit\\\/schnuppersortiment-6-flaschen\\\/#primaryimage\"},\"image\":{\"@id\":\"https:\\\/\\\/www.cavedelacrausaz.ch\\\/de\\\/produit\\\/schnuppersortiment-6-flaschen\\\/#primaryimage\"},\"thumbnailUrl\":\"https:\\\/\\\/www.cavedelacrausaz.ch\\\/wp-content\\\/uploads\\\/carton-6-scaled.jpg\",\"datePublished\":\"2018-06-12T07:41:42+00:00\",\"dateModified\":\"2021-04-09T13:50:32+00:00\",\"breadcrumb\":{\"@id\":\"https:\\\/\\\/www.cavedelacrausaz.ch\\\/de\\\/produit\\\/schnuppersortiment-6-flaschen\\\/#breadcrumb\"},\"inLanguage\":\"de\",\"potentialAction\":[{\"@type\":\"ReadAction\",\"target\":[\"https:\\\/\\\/www.cavedelacrausaz.ch\\\/de\\\/produit\\\/schnuppersortiment-6-flaschen\\\/\"]}]},{\"@type\":\"ImageObject\",\"inLanguage\":\"de\",\"@id\":\"https:\\\/\\\/www.cavedelacrausaz.ch\\\/de\\\/produit\\\/schnuppersortiment-6-flaschen\\\/#primaryimage\",\"url\":\"https:\\\/\\\/www.cavedelacrausaz.ch\\\/wp-content\\\/uploads\\\/carton-6-scaled.jpg\",\"contentUrl\":\"https:\\\/\\\/www.cavedelacrausaz.ch\\\/wp-content\\\/uploads\\\/carton-6-scaled.jpg\",\"width\":810,\"height\":1080},{\"@type\":\"BreadcrumbList\",\"@id\":\"https:\\\/\\\/www.cavedelacrausaz.ch\\\/de\\\/produit\\\/schnuppersortiment-6-flaschen\\\/#breadcrumb\",\"itemListElement\":[{\"@type\":\"ListItem\",\"position\":1,\"name\":\"Accueil\",\"item\":\"https:\\\/\\\/www.cavedelacrausaz.ch\\\/de\\\/\"},{\"@type\":\"ListItem\",\"position\":2,\"name\":\"Unsere Produkte\",\"item\":\"https:\\\/\\\/www.cavedelacrausaz.ch\\\/de\\\/unsere-produkte\\\/\"},{\"@type\":\"ListItem\",\"position\":3,\"name\":\"Schnuppersortiment 6 Flaschen (zu w\u00e4hlen)\"}]},{\"@type\":\"WebSite\",\"@id\":\"https:\\\/\\\/www.cavedelacrausaz.ch\\\/de\\\/#website\",\"url\":\"https:\\\/\\\/www.cavedelacrausaz.ch\\\/de\\\/\",\"name\":\"Cave de la Crausaz\",\"description\":\"Bettems Fr\u00e8res SA - F\u00e9chy\",\"potentialAction\":[{\"@type\":\"SearchAction\",\"target\":{\"@type\":\"EntryPoint\",\"urlTemplate\":\"https:\\\/\\\/www.cavedelacrausaz.ch\\\/de\\\/?s={search_term_string}\"},\"query-input\":{\"@type\":\"PropertyValueSpecification\",\"valueRequired\":true,\"valueName\":\"search_term_string\"}}],\"inLanguage\":\"de\"}]}<\/script>\n<!-- \/ Yoast SEO plugin. -->","yoast_head_json":{"title":"Schnuppersortiment 6 Flaschen (zu w\u00e4hlen) - Cave de la Crausaz","robots":{"index":"index","follow":"follow","max-snippet":"max-snippet:-1","max-image-preview":"max-image-preview:large","max-video-preview":"max-video-preview:-1"},"canonical":"https:\/\/www.cavedelacrausaz.ch\/de\/produit\/schnuppersortiment-6-flaschen\/","og_locale":"de_DE","og_type":"article","og_title":"Schnuppersortiment 6 Flaschen (zu w\u00e4hlen) - Cave de la Crausaz","og_description":"Stellen Sie Ihre eigene Probierbox (3 Flaschen) aus den besten Weinen unseres eigenen Weinguts und des Weinguts Le Vieux Coteau zusammen. Ideal zum Verschenken oder zum selber Ausprobieren. W\u00e4hlen Sie 6 Flaschen f\u00fcr Ihre Probierbox aus:","og_url":"https:\/\/www.cavedelacrausaz.ch\/de\/produit\/schnuppersortiment-6-flaschen\/","og_site_name":"Cave de la Crausaz","article_publisher":"https:\/\/www.facebook.com\/cavedelacrausaz\/","article_modified_time":"2021-04-09T13:50:32+00:00","og_image":[{"width":810,"height":1080,"url":"https:\/\/www.cavedelacrausaz.ch\/wp-content\/uploads\/carton-6-scaled.jpg","type":"image\/jpeg"}],"twitter_card":"summary_large_image","schema":{"@context":"https:\/\/schema.org","@graph":[{"@type":"WebPage","@id":"https:\/\/www.cavedelacrausaz.ch\/de\/produit\/schnuppersortiment-6-flaschen\/","url":"https:\/\/www.cavedelacrausaz.ch\/de\/produit\/schnuppersortiment-6-flaschen\/","name":"Schnuppersortiment 6 Flaschen (zu w\u00e4hlen) - Cave de la Crausaz","isPartOf":{"@id":"https:\/\/www.cavedelacrausaz.ch\/de\/#website"},"primaryImageOfPage":{"@id":"https:\/\/www.cavedelacrausaz.ch\/de\/produit\/schnuppersortiment-6-flaschen\/#primaryimage"},"image":{"@id":"https:\/\/www.cavedelacrausaz.ch\/de\/produit\/schnuppersortiment-6-flaschen\/#primaryimage"},"thumbnailUrl":"https:\/\/www.cavedelacrausaz.ch\/wp-content\/uploads\/carton-6-scaled.jpg","datePublished":"2018-06-12T07:41:42+00:00","dateModified":"2021-04-09T13:50:32+00:00","breadcrumb":{"@id":"https:\/\/www.cavedelacrausaz.ch\/de\/produit\/schnuppersortiment-6-flaschen\/#breadcrumb"},"inLanguage":"de","potentialAction":[{"@type":"ReadAction","target":["https:\/\/www.cavedelacrausaz.ch\/de\/produit\/schnuppersortiment-6-flaschen\/"]}]},{"@type":"ImageObject","inLanguage":"de","@id":"https:\/\/www.cavedelacrausaz.ch\/de\/produit\/schnuppersortiment-6-flaschen\/#primaryimage","url":"https:\/\/www.cavedelacrausaz.ch\/wp-content\/uploads\/carton-6-scaled.jpg","contentUrl":"https:\/\/www.cavedelacrausaz.ch\/wp-content\/uploads\/carton-6-scaled.jpg","width":810,"height":1080},{"@type":"BreadcrumbList","@id":"https:\/\/www.cavedelacrausaz.ch\/de\/produit\/schnuppersortiment-6-flaschen\/#breadcrumb","itemListElement":[{"@type":"ListItem","position":1,"name":"Accueil","item":"https:\/\/www.cavedelacrausaz.ch\/de\/"},{"@type":"ListItem","position":2,"name":"Unsere Produkte","item":"https:\/\/www.cavedelacrausaz.ch\/de\/unsere-produkte\/"},{"@type":"ListItem","position":3,"name":"Schnuppersortiment 6 Flaschen (zu w\u00e4hlen)"}]},{"@type":"WebSite","@id":"https:\/\/www.cavedelacrausaz.ch\/de\/#website","url":"https:\/\/www.cavedelacrausaz.ch\/de\/","name":"Cave de la Crausaz","description":"Bettems Fr\u00e8res SA - F\u00e9chy","potentialAction":[{"@type":"SearchAction","target":{"@type":"EntryPoint","urlTemplate":"https:\/\/www.cavedelacrausaz.ch\/de\/?s={search_term_string}"},"query-input":{"@type":"PropertyValueSpecification","valueRequired":true,"valueName":"search_term_string"}}],"inLanguage":"de"}]}},"_links":{"self":[{"href":"https:\/\/www.cavedelacrausaz.ch\/de\/wp-json\/wp\/v2\/product\/2841","targetHints":{"allow":["GET"]}}],"collection":[{"href":"https:\/\/www.cavedelacrausaz.ch\/de\/wp-json\/wp\/v2\/product"}],"about":[{"href":"https:\/\/www.cavedelacrausaz.ch\/de\/wp-json\/wp\/v2\/types\/product"}],"replies":[{"embeddable":true,"href":"https:\/\/www.cavedelacrausaz.ch\/de\/wp-json\/wp\/v2\/comments?post=2841"}],"wp:featuredmedia":[{"embeddable":true,"href":"https:\/\/www.cavedelacrausaz.ch\/de\/wp-json\/wp\/v2\/media\/4618"}],"wp:attachment":[{"href":"https:\/\/www.cavedelacrausaz.ch\/de\/wp-json\/wp\/v2\/media?parent=2841"}],"wp:term":[{"taxonomy":"product_brand","embeddable":true,"href":"https:\/\/www.cavedelacrausaz.ch\/de\/wp-json\/wp\/v2\/product_brand?post=2841"},{"taxonomy":"product_cat","embeddable":true,"href":"https:\/\/www.cavedelacrausaz.ch\/de\/wp-json\/wp\/v2\/product_cat?post=2841"},{"taxonomy":"product_tag","embeddable":true,"href":"https:\/\/www.cavedelacrausaz.ch\/de\/wp-json\/wp\/v2\/product_tag?post=2841"}],"curies":[{"name":"wp","href":"https:\/\/api.w.org\/{rel}","templated":true}]}}