{"id":2676,"date":"2018-04-11T16:11:38","date_gmt":"2018-04-11T14:13:13","guid":{"rendered":"https:\/\/www.cavedelacrausaz.ch\/?post_type=product&#038;p=2676"},"modified":"2021-02-26T23:27:35","modified_gmt":"2021-02-26T22:27:35","slug":"vieux-coteau-rose-de-gamay-a-coeur-perdu-fechy-aoc-la-cote","status":"publish","type":"product","link":"https:\/\/www.cavedelacrausaz.ch\/de\/produit\/vieux-coteau-rose-de-gamay-a-coeur-perdu-fechy-aoc-la-cote\/","title":{"rendered":"Vieux Coteau &#8211; Ros\u00e9 de gamay A c\u0153ur perdu F\u00e9chy AOC La C\u00f4te"},"content":{"rendered":"<p>Der Sommerwein par excellence! Seine fruchtige Frische wird Ihren Gaumen erfreuen.<\/p>\n","protected":false},"excerpt":{"rendered":"<p>Der Sommerwein par excellence! Seine fruchtige Frische wird Ihren Gaumen erfreuen.<\/p>\n","protected":false},"featured_media":6644,"comment_status":"open","ping_status":"closed","template":"","meta":[],"product_brand":[],"product_cat":[167],"product_tag":[],"class_list":{"0":"post-2676","1":"product","2":"type-product","3":"status-publish","4":"has-post-thumbnail","6":"product_cat-rose-de","8":"first","9":"instock","10":"virtual","11":"taxable","12":"purchasable","13":"product-type-simple"},"bundled_by":["2837","2841"],"bundle_stock_status":"instock","bundle_stock_quantity":null,"bundle_virtual":false,"bundle_layout":"","bundle_add_to_cart_form_location":"","bundle_editable_in_cart":false,"bundle_sold_individually_context":"","bundle_item_grouping":"","bundle_min_size":"","bundle_max_size":"","bundle_price":[],"bundled_items":[],"bundle_sell_ids":[],"yoast_head":"<!-- This site is optimized with the Yoast SEO plugin v27.3 - https:\/\/yoast.com\/product\/yoast-seo-wordpress\/ -->\n<title>Vieux Coteau - Ros\u00e9 de gamay A c\u0153ur perdu F\u00e9chy AOC La C\u00f4te - Cave de la Crausaz<\/title>\n<meta name=\"robots\" content=\"index, follow, max-snippet:-1, max-image-preview:large, max-video-preview:-1\" \/>\n<link rel=\"canonical\" href=\"https:\/\/www.cavedelacrausaz.ch\/de\/produit\/vieux-coteau-rose-de-gamay-a-coeur-perdu-fechy-aoc-la-cote\/\" \/>\n<meta property=\"og:locale\" content=\"de_DE\" \/>\n<meta property=\"og:type\" content=\"article\" \/>\n<meta property=\"og:title\" content=\"Vieux Coteau - Ros\u00e9 de gamay A c\u0153ur perdu F\u00e9chy AOC La C\u00f4te - Cave de la Crausaz\" \/>\n<meta property=\"og:description\" content=\"Der Sommerwein par excellence! Seine fruchtige Frische wird Ihren Gaumen erfreuen.\" \/>\n<meta property=\"og:url\" content=\"https:\/\/www.cavedelacrausaz.ch\/de\/produit\/vieux-coteau-rose-de-gamay-a-coeur-perdu-fechy-aoc-la-cote\/\" \/>\n<meta property=\"og:site_name\" content=\"Cave de la Crausaz\" \/>\n<meta property=\"article:publisher\" content=\"https:\/\/www.facebook.com\/cavedelacrausaz\/\" \/>\n<meta property=\"article:modified_time\" content=\"2021-02-26T22:27:35+00:00\" \/>\n<meta property=\"og:image\" content=\"https:\/\/www.cavedelacrausaz.ch\/wp-content\/uploads\/coeur-perdu-rose-de-gamay-fechy-aoc-la-cote.png\" \/>\n\t<meta property=\"og:image:width\" content=\"445\" \/>\n\t<meta property=\"og:image:height\" content=\"1840\" \/>\n\t<meta property=\"og:image:type\" content=\"image\/png\" \/>\n<meta name=\"twitter:card\" content=\"summary_large_image\" \/>\n<script type=\"application\/ld+json\" class=\"yoast-schema-graph\">{\"@context\":\"https:\\\/\\\/schema.org\",\"@graph\":[{\"@type\":\"WebPage\",\"@id\":\"https:\\\/\\\/www.cavedelacrausaz.ch\\\/de\\\/produit\\\/vieux-coteau-rose-de-gamay-a-coeur-perdu-fechy-aoc-la-cote\\\/\",\"url\":\"https:\\\/\\\/www.cavedelacrausaz.ch\\\/de\\\/produit\\\/vieux-coteau-rose-de-gamay-a-coeur-perdu-fechy-aoc-la-cote\\\/\",\"name\":\"Vieux Coteau - Ros\u00e9 de gamay A c\u0153ur perdu F\u00e9chy AOC La C\u00f4te - Cave de la Crausaz\",\"isPartOf\":{\"@id\":\"https:\\\/\\\/www.cavedelacrausaz.ch\\\/de\\\/#website\"},\"primaryImageOfPage\":{\"@id\":\"https:\\\/\\\/www.cavedelacrausaz.ch\\\/de\\\/produit\\\/vieux-coteau-rose-de-gamay-a-coeur-perdu-fechy-aoc-la-cote\\\/#primaryimage\"},\"image\":{\"@id\":\"https:\\\/\\\/www.cavedelacrausaz.ch\\\/de\\\/produit\\\/vieux-coteau-rose-de-gamay-a-coeur-perdu-fechy-aoc-la-cote\\\/#primaryimage\"},\"thumbnailUrl\":\"https:\\\/\\\/www.cavedelacrausaz.ch\\\/wp-content\\\/uploads\\\/coeur-perdu-rose-de-gamay-fechy-aoc-la-cote.png\",\"datePublished\":\"2018-04-11T14:13:13+00:00\",\"dateModified\":\"2021-02-26T22:27:35+00:00\",\"breadcrumb\":{\"@id\":\"https:\\\/\\\/www.cavedelacrausaz.ch\\\/de\\\/produit\\\/vieux-coteau-rose-de-gamay-a-coeur-perdu-fechy-aoc-la-cote\\\/#breadcrumb\"},\"inLanguage\":\"de\",\"potentialAction\":[{\"@type\":\"ReadAction\",\"target\":[\"https:\\\/\\\/www.cavedelacrausaz.ch\\\/de\\\/produit\\\/vieux-coteau-rose-de-gamay-a-coeur-perdu-fechy-aoc-la-cote\\\/\"]}]},{\"@type\":\"ImageObject\",\"inLanguage\":\"de\",\"@id\":\"https:\\\/\\\/www.cavedelacrausaz.ch\\\/de\\\/produit\\\/vieux-coteau-rose-de-gamay-a-coeur-perdu-fechy-aoc-la-cote\\\/#primaryimage\",\"url\":\"https:\\\/\\\/www.cavedelacrausaz.ch\\\/wp-content\\\/uploads\\\/coeur-perdu-rose-de-gamay-fechy-aoc-la-cote.png\",\"contentUrl\":\"https:\\\/\\\/www.cavedelacrausaz.ch\\\/wp-content\\\/uploads\\\/coeur-perdu-rose-de-gamay-fechy-aoc-la-cote.png\",\"width\":445,\"height\":1840},{\"@type\":\"BreadcrumbList\",\"@id\":\"https:\\\/\\\/www.cavedelacrausaz.ch\\\/de\\\/produit\\\/vieux-coteau-rose-de-gamay-a-coeur-perdu-fechy-aoc-la-cote\\\/#breadcrumb\",\"itemListElement\":[{\"@type\":\"ListItem\",\"position\":1,\"name\":\"Accueil\",\"item\":\"https:\\\/\\\/www.cavedelacrausaz.ch\\\/de\\\/\"},{\"@type\":\"ListItem\",\"position\":2,\"name\":\"Unsere Produkte\",\"item\":\"https:\\\/\\\/www.cavedelacrausaz.ch\\\/de\\\/unsere-produkte\\\/\"},{\"@type\":\"ListItem\",\"position\":3,\"name\":\"Vieux Coteau &#8211; Ros\u00e9 de gamay A c\u0153ur perdu F\u00e9chy AOC La C\u00f4te\"}]},{\"@type\":\"WebSite\",\"@id\":\"https:\\\/\\\/www.cavedelacrausaz.ch\\\/de\\\/#website\",\"url\":\"https:\\\/\\\/www.cavedelacrausaz.ch\\\/de\\\/\",\"name\":\"Cave de la Crausaz\",\"description\":\"Bettems Fr\u00e8res SA - F\u00e9chy\",\"potentialAction\":[{\"@type\":\"SearchAction\",\"target\":{\"@type\":\"EntryPoint\",\"urlTemplate\":\"https:\\\/\\\/www.cavedelacrausaz.ch\\\/de\\\/?s={search_term_string}\"},\"query-input\":{\"@type\":\"PropertyValueSpecification\",\"valueRequired\":true,\"valueName\":\"search_term_string\"}}],\"inLanguage\":\"de\"}]}<\/script>\n<!-- \/ Yoast SEO plugin. -->","yoast_head_json":{"title":"Vieux Coteau - Ros\u00e9 de gamay A c\u0153ur perdu F\u00e9chy AOC La C\u00f4te - Cave de la Crausaz","robots":{"index":"index","follow":"follow","max-snippet":"max-snippet:-1","max-image-preview":"max-image-preview:large","max-video-preview":"max-video-preview:-1"},"canonical":"https:\/\/www.cavedelacrausaz.ch\/de\/produit\/vieux-coteau-rose-de-gamay-a-coeur-perdu-fechy-aoc-la-cote\/","og_locale":"de_DE","og_type":"article","og_title":"Vieux Coteau - Ros\u00e9 de gamay A c\u0153ur perdu F\u00e9chy AOC La C\u00f4te - Cave de la Crausaz","og_description":"Der Sommerwein par excellence! Seine fruchtige Frische wird Ihren Gaumen erfreuen.","og_url":"https:\/\/www.cavedelacrausaz.ch\/de\/produit\/vieux-coteau-rose-de-gamay-a-coeur-perdu-fechy-aoc-la-cote\/","og_site_name":"Cave de la Crausaz","article_publisher":"https:\/\/www.facebook.com\/cavedelacrausaz\/","article_modified_time":"2021-02-26T22:27:35+00:00","og_image":[{"width":445,"height":1840,"url":"https:\/\/www.cavedelacrausaz.ch\/wp-content\/uploads\/coeur-perdu-rose-de-gamay-fechy-aoc-la-cote.png","type":"image\/png"}],"twitter_card":"summary_large_image","schema":{"@context":"https:\/\/schema.org","@graph":[{"@type":"WebPage","@id":"https:\/\/www.cavedelacrausaz.ch\/de\/produit\/vieux-coteau-rose-de-gamay-a-coeur-perdu-fechy-aoc-la-cote\/","url":"https:\/\/www.cavedelacrausaz.ch\/de\/produit\/vieux-coteau-rose-de-gamay-a-coeur-perdu-fechy-aoc-la-cote\/","name":"Vieux Coteau - Ros\u00e9 de gamay A c\u0153ur perdu F\u00e9chy AOC La C\u00f4te - Cave de la Crausaz","isPartOf":{"@id":"https:\/\/www.cavedelacrausaz.ch\/de\/#website"},"primaryImageOfPage":{"@id":"https:\/\/www.cavedelacrausaz.ch\/de\/produit\/vieux-coteau-rose-de-gamay-a-coeur-perdu-fechy-aoc-la-cote\/#primaryimage"},"image":{"@id":"https:\/\/www.cavedelacrausaz.ch\/de\/produit\/vieux-coteau-rose-de-gamay-a-coeur-perdu-fechy-aoc-la-cote\/#primaryimage"},"thumbnailUrl":"https:\/\/www.cavedelacrausaz.ch\/wp-content\/uploads\/coeur-perdu-rose-de-gamay-fechy-aoc-la-cote.png","datePublished":"2018-04-11T14:13:13+00:00","dateModified":"2021-02-26T22:27:35+00:00","breadcrumb":{"@id":"https:\/\/www.cavedelacrausaz.ch\/de\/produit\/vieux-coteau-rose-de-gamay-a-coeur-perdu-fechy-aoc-la-cote\/#breadcrumb"},"inLanguage":"de","potentialAction":[{"@type":"ReadAction","target":["https:\/\/www.cavedelacrausaz.ch\/de\/produit\/vieux-coteau-rose-de-gamay-a-coeur-perdu-fechy-aoc-la-cote\/"]}]},{"@type":"ImageObject","inLanguage":"de","@id":"https:\/\/www.cavedelacrausaz.ch\/de\/produit\/vieux-coteau-rose-de-gamay-a-coeur-perdu-fechy-aoc-la-cote\/#primaryimage","url":"https:\/\/www.cavedelacrausaz.ch\/wp-content\/uploads\/coeur-perdu-rose-de-gamay-fechy-aoc-la-cote.png","contentUrl":"https:\/\/www.cavedelacrausaz.ch\/wp-content\/uploads\/coeur-perdu-rose-de-gamay-fechy-aoc-la-cote.png","width":445,"height":1840},{"@type":"BreadcrumbList","@id":"https:\/\/www.cavedelacrausaz.ch\/de\/produit\/vieux-coteau-rose-de-gamay-a-coeur-perdu-fechy-aoc-la-cote\/#breadcrumb","itemListElement":[{"@type":"ListItem","position":1,"name":"Accueil","item":"https:\/\/www.cavedelacrausaz.ch\/de\/"},{"@type":"ListItem","position":2,"name":"Unsere Produkte","item":"https:\/\/www.cavedelacrausaz.ch\/de\/unsere-produkte\/"},{"@type":"ListItem","position":3,"name":"Vieux Coteau &#8211; Ros\u00e9 de gamay A c\u0153ur perdu F\u00e9chy AOC La C\u00f4te"}]},{"@type":"WebSite","@id":"https:\/\/www.cavedelacrausaz.ch\/de\/#website","url":"https:\/\/www.cavedelacrausaz.ch\/de\/","name":"Cave de la Crausaz","description":"Bettems Fr\u00e8res SA - F\u00e9chy","potentialAction":[{"@type":"SearchAction","target":{"@type":"EntryPoint","urlTemplate":"https:\/\/www.cavedelacrausaz.ch\/de\/?s={search_term_string}"},"query-input":{"@type":"PropertyValueSpecification","valueRequired":true,"valueName":"search_term_string"}}],"inLanguage":"de"}]}},"_links":{"self":[{"href":"https:\/\/www.cavedelacrausaz.ch\/de\/wp-json\/wp\/v2\/product\/2676","targetHints":{"allow":["GET"]}}],"collection":[{"href":"https:\/\/www.cavedelacrausaz.ch\/de\/wp-json\/wp\/v2\/product"}],"about":[{"href":"https:\/\/www.cavedelacrausaz.ch\/de\/wp-json\/wp\/v2\/types\/product"}],"replies":[{"embeddable":true,"href":"https:\/\/www.cavedelacrausaz.ch\/de\/wp-json\/wp\/v2\/comments?post=2676"}],"wp:featuredmedia":[{"embeddable":true,"href":"https:\/\/www.cavedelacrausaz.ch\/de\/wp-json\/wp\/v2\/media\/6644"}],"wp:attachment":[{"href":"https:\/\/www.cavedelacrausaz.ch\/de\/wp-json\/wp\/v2\/media?parent=2676"}],"wp:term":[{"taxonomy":"product_brand","embeddable":true,"href":"https:\/\/www.cavedelacrausaz.ch\/de\/wp-json\/wp\/v2\/product_brand?post=2676"},{"taxonomy":"product_cat","embeddable":true,"href":"https:\/\/www.cavedelacrausaz.ch\/de\/wp-json\/wp\/v2\/product_cat?post=2676"},{"taxonomy":"product_tag","embeddable":true,"href":"https:\/\/www.cavedelacrausaz.ch\/de\/wp-json\/wp\/v2\/product_tag?post=2676"}],"curies":[{"name":"wp","href":"https:\/\/api.w.org\/{rel}","templated":true}]}}