{"id":1665,"date":"2015-10-07T13:35:39","date_gmt":"2016-09-02T11:33:14","guid":{"rendered":"https:\/\/www.cavedelacrausaz.ch\/de\/?post_type=product&#038;p=1665"},"modified":"2022-09-28T01:59:56","modified_gmt":"2022-09-27T23:59:56","slug":"assemblage-rouge-vdp-les-bourrons","status":"publish","type":"product","link":"https:\/\/www.cavedelacrausaz.ch\/de\/produit\/assemblage-rouge-vdp-les-bourrons\/","title":{"rendered":"Assemblage Rouge VdP<br> Les Bourrons"},"content":{"rendered":"<p>Assemblage aus Garanoir, Gamaret, Pinot noir und Gamay. Dieser Wein besticht durch sein reichhaltiges und vielf\u00e4ltiges Bouquet mit Aromen von reifen Fr\u00fcchten sowie mit seinem sch\u00f6nen, langen Abgang.<\/p>\n<p>Erh\u00e4ltlich in Kartons mit <strong>15 Flaschen<\/strong> (70 cl) oder <strong>20 Flaschen<\/strong> (50 cl und 35 cl).<\/p>\n","protected":false},"excerpt":{"rendered":"<p>Assemblage aus Garanoir, Gamaret, Pinot noir und Gamay. Dieser Wein besticht durch sein reichhaltiges und vielf\u00e4ltiges Bouquet mit Aromen von reifen Fr\u00fcchten sowie mit seinem sch\u00f6nen, langen Abgang.<\/p>\n<p>Erh\u00e4ltlich in Kartons mit <strong>15 Flaschen<\/strong> (70 cl) oder <strong>20 Flaschen<\/strong> (50 cl und 35 cl).<\/p>\n","protected":false},"featured_media":6665,"comment_status":"open","ping_status":"closed","template":"","meta":[],"product_brand":[],"product_cat":[166],"product_tag":[],"class_list":{"0":"post-1665","1":"product","2":"type-product","3":"status-publish","4":"has-post-thumbnail","6":"product_cat-rot","7":"product_shipping_class-carton-de","9":"first","10":"instock","11":"featured","12":"taxable","13":"shipping-taxable","14":"purchasable","15":"product-type-variable","16":"has-default-attributes"},"bundled_by":[],"bundle_stock_status":"instock","bundle_stock_quantity":null,"bundle_virtual":false,"bundle_layout":"","bundle_add_to_cart_form_location":"","bundle_editable_in_cart":false,"bundle_sold_individually_context":"","bundle_item_grouping":"","bundle_min_size":"","bundle_max_size":"","bundle_price":[],"bundled_items":[],"bundle_sell_ids":[],"yoast_head":"<!-- This site is optimized with the Yoast SEO plugin v27.5 - https:\/\/yoast.com\/product\/yoast-seo-wordpress\/ -->\n<title>Assemblage Rouge VdP Les Bourrons - Cave de la Crausaz<\/title>\n<meta name=\"robots\" content=\"index, follow, max-snippet:-1, max-image-preview:large, max-video-preview:-1\" \/>\n<link rel=\"canonical\" href=\"https:\/\/www.cavedelacrausaz.ch\/de\/produit\/assemblage-rouge-vdp-les-bourrons\/\" \/>\n<meta property=\"og:locale\" content=\"de_DE\" \/>\n<meta property=\"og:type\" content=\"article\" \/>\n<meta property=\"og:title\" content=\"Assemblage Rouge VdP Les Bourrons - Cave de la Crausaz\" \/>\n<meta property=\"og:description\" content=\"Assemblage aus Garanoir, Gamaret, Pinot noir und Gamay. Dieser Wein besticht durch sein reichhaltiges und vielf\u00e4ltiges Bouquet mit Aromen von reifen Fr\u00fcchten sowie mit seinem sch\u00f6nen, langen Abgang.  Erh\u00e4ltlich in Kartons mit 15 Flaschen (70 cl) oder 20 Flaschen (50 cl und 35 cl).\" \/>\n<meta property=\"og:url\" content=\"https:\/\/www.cavedelacrausaz.ch\/de\/produit\/assemblage-rouge-vdp-les-bourrons\/\" \/>\n<meta property=\"og:site_name\" content=\"Cave de la Crausaz\" \/>\n<meta property=\"article:publisher\" content=\"https:\/\/www.facebook.com\/cavedelacrausaz\/\" \/>\n<meta property=\"article:modified_time\" content=\"2022-09-27T23:59:56+00:00\" \/>\n<meta property=\"og:image\" content=\"https:\/\/www.cavedelacrausaz.ch\/wp-content\/uploads\/les-bourrons-assemblage-rouge-vdprd.png\" \/>\n\t<meta property=\"og:image:width\" content=\"445\" \/>\n\t<meta property=\"og:image:height\" content=\"1840\" \/>\n\t<meta property=\"og:image:type\" content=\"image\/png\" \/>\n<meta name=\"twitter:card\" content=\"summary_large_image\" \/>\n<script type=\"application\/ld+json\" class=\"yoast-schema-graph\">{\"@context\":\"https:\\\/\\\/schema.org\",\"@graph\":[{\"@type\":\"WebPage\",\"@id\":\"https:\\\/\\\/www.cavedelacrausaz.ch\\\/de\\\/produit\\\/assemblage-rouge-vdp-les-bourrons\\\/\",\"url\":\"https:\\\/\\\/www.cavedelacrausaz.ch\\\/de\\\/produit\\\/assemblage-rouge-vdp-les-bourrons\\\/\",\"name\":\"Assemblage Rouge VdP Les Bourrons - Cave de la Crausaz\",\"isPartOf\":{\"@id\":\"https:\\\/\\\/www.cavedelacrausaz.ch\\\/de\\\/#website\"},\"primaryImageOfPage\":{\"@id\":\"https:\\\/\\\/www.cavedelacrausaz.ch\\\/de\\\/produit\\\/assemblage-rouge-vdp-les-bourrons\\\/#primaryimage\"},\"image\":{\"@id\":\"https:\\\/\\\/www.cavedelacrausaz.ch\\\/de\\\/produit\\\/assemblage-rouge-vdp-les-bourrons\\\/#primaryimage\"},\"thumbnailUrl\":\"https:\\\/\\\/www.cavedelacrausaz.ch\\\/wp-content\\\/uploads\\\/les-bourrons-assemblage-rouge-vdprd.png\",\"datePublished\":\"2016-09-02T11:33:14+00:00\",\"dateModified\":\"2022-09-27T23:59:56+00:00\",\"breadcrumb\":{\"@id\":\"https:\\\/\\\/www.cavedelacrausaz.ch\\\/de\\\/produit\\\/assemblage-rouge-vdp-les-bourrons\\\/#breadcrumb\"},\"inLanguage\":\"de\",\"potentialAction\":[{\"@type\":\"ReadAction\",\"target\":[\"https:\\\/\\\/www.cavedelacrausaz.ch\\\/de\\\/produit\\\/assemblage-rouge-vdp-les-bourrons\\\/\"]}]},{\"@type\":\"ImageObject\",\"inLanguage\":\"de\",\"@id\":\"https:\\\/\\\/www.cavedelacrausaz.ch\\\/de\\\/produit\\\/assemblage-rouge-vdp-les-bourrons\\\/#primaryimage\",\"url\":\"https:\\\/\\\/www.cavedelacrausaz.ch\\\/wp-content\\\/uploads\\\/les-bourrons-assemblage-rouge-vdprd.png\",\"contentUrl\":\"https:\\\/\\\/www.cavedelacrausaz.ch\\\/wp-content\\\/uploads\\\/les-bourrons-assemblage-rouge-vdprd.png\",\"width\":445,\"height\":1840},{\"@type\":\"BreadcrumbList\",\"@id\":\"https:\\\/\\\/www.cavedelacrausaz.ch\\\/de\\\/produit\\\/assemblage-rouge-vdp-les-bourrons\\\/#breadcrumb\",\"itemListElement\":[{\"@type\":\"ListItem\",\"position\":1,\"name\":\"Accueil\",\"item\":\"https:\\\/\\\/www.cavedelacrausaz.ch\\\/de\\\/\"},{\"@type\":\"ListItem\",\"position\":2,\"name\":\"Unsere Produkte\",\"item\":\"https:\\\/\\\/www.cavedelacrausaz.ch\\\/de\\\/unsere-produkte\\\/\"},{\"@type\":\"ListItem\",\"position\":3,\"name\":\"Assemblage Rouge VdP Les Bourrons\"}]},{\"@type\":\"WebSite\",\"@id\":\"https:\\\/\\\/www.cavedelacrausaz.ch\\\/de\\\/#website\",\"url\":\"https:\\\/\\\/www.cavedelacrausaz.ch\\\/de\\\/\",\"name\":\"Cave de la Crausaz\",\"description\":\"Bettems Fr\u00e8res SA - F\u00e9chy\",\"potentialAction\":[{\"@type\":\"SearchAction\",\"target\":{\"@type\":\"EntryPoint\",\"urlTemplate\":\"https:\\\/\\\/www.cavedelacrausaz.ch\\\/de\\\/?s={search_term_string}\"},\"query-input\":{\"@type\":\"PropertyValueSpecification\",\"valueRequired\":true,\"valueName\":\"search_term_string\"}}],\"inLanguage\":\"de\"}]}<\/script>\n<!-- \/ Yoast SEO plugin. -->","yoast_head_json":{"title":"Assemblage Rouge VdP Les Bourrons - Cave de la Crausaz","robots":{"index":"index","follow":"follow","max-snippet":"max-snippet:-1","max-image-preview":"max-image-preview:large","max-video-preview":"max-video-preview:-1"},"canonical":"https:\/\/www.cavedelacrausaz.ch\/de\/produit\/assemblage-rouge-vdp-les-bourrons\/","og_locale":"de_DE","og_type":"article","og_title":"Assemblage Rouge VdP Les Bourrons - Cave de la Crausaz","og_description":"Assemblage aus Garanoir, Gamaret, Pinot noir und Gamay. Dieser Wein besticht durch sein reichhaltiges und vielf\u00e4ltiges Bouquet mit Aromen von reifen Fr\u00fcchten sowie mit seinem sch\u00f6nen, langen Abgang.  Erh\u00e4ltlich in Kartons mit 15 Flaschen (70 cl) oder 20 Flaschen (50 cl und 35 cl).","og_url":"https:\/\/www.cavedelacrausaz.ch\/de\/produit\/assemblage-rouge-vdp-les-bourrons\/","og_site_name":"Cave de la Crausaz","article_publisher":"https:\/\/www.facebook.com\/cavedelacrausaz\/","article_modified_time":"2022-09-27T23:59:56+00:00","og_image":[{"width":445,"height":1840,"url":"https:\/\/www.cavedelacrausaz.ch\/wp-content\/uploads\/les-bourrons-assemblage-rouge-vdprd.png","type":"image\/png"}],"twitter_card":"summary_large_image","schema":{"@context":"https:\/\/schema.org","@graph":[{"@type":"WebPage","@id":"https:\/\/www.cavedelacrausaz.ch\/de\/produit\/assemblage-rouge-vdp-les-bourrons\/","url":"https:\/\/www.cavedelacrausaz.ch\/de\/produit\/assemblage-rouge-vdp-les-bourrons\/","name":"Assemblage Rouge VdP Les Bourrons - Cave de la Crausaz","isPartOf":{"@id":"https:\/\/www.cavedelacrausaz.ch\/de\/#website"},"primaryImageOfPage":{"@id":"https:\/\/www.cavedelacrausaz.ch\/de\/produit\/assemblage-rouge-vdp-les-bourrons\/#primaryimage"},"image":{"@id":"https:\/\/www.cavedelacrausaz.ch\/de\/produit\/assemblage-rouge-vdp-les-bourrons\/#primaryimage"},"thumbnailUrl":"https:\/\/www.cavedelacrausaz.ch\/wp-content\/uploads\/les-bourrons-assemblage-rouge-vdprd.png","datePublished":"2016-09-02T11:33:14+00:00","dateModified":"2022-09-27T23:59:56+00:00","breadcrumb":{"@id":"https:\/\/www.cavedelacrausaz.ch\/de\/produit\/assemblage-rouge-vdp-les-bourrons\/#breadcrumb"},"inLanguage":"de","potentialAction":[{"@type":"ReadAction","target":["https:\/\/www.cavedelacrausaz.ch\/de\/produit\/assemblage-rouge-vdp-les-bourrons\/"]}]},{"@type":"ImageObject","inLanguage":"de","@id":"https:\/\/www.cavedelacrausaz.ch\/de\/produit\/assemblage-rouge-vdp-les-bourrons\/#primaryimage","url":"https:\/\/www.cavedelacrausaz.ch\/wp-content\/uploads\/les-bourrons-assemblage-rouge-vdprd.png","contentUrl":"https:\/\/www.cavedelacrausaz.ch\/wp-content\/uploads\/les-bourrons-assemblage-rouge-vdprd.png","width":445,"height":1840},{"@type":"BreadcrumbList","@id":"https:\/\/www.cavedelacrausaz.ch\/de\/produit\/assemblage-rouge-vdp-les-bourrons\/#breadcrumb","itemListElement":[{"@type":"ListItem","position":1,"name":"Accueil","item":"https:\/\/www.cavedelacrausaz.ch\/de\/"},{"@type":"ListItem","position":2,"name":"Unsere Produkte","item":"https:\/\/www.cavedelacrausaz.ch\/de\/unsere-produkte\/"},{"@type":"ListItem","position":3,"name":"Assemblage Rouge VdP Les Bourrons"}]},{"@type":"WebSite","@id":"https:\/\/www.cavedelacrausaz.ch\/de\/#website","url":"https:\/\/www.cavedelacrausaz.ch\/de\/","name":"Cave de la Crausaz","description":"Bettems Fr\u00e8res SA - F\u00e9chy","potentialAction":[{"@type":"SearchAction","target":{"@type":"EntryPoint","urlTemplate":"https:\/\/www.cavedelacrausaz.ch\/de\/?s={search_term_string}"},"query-input":{"@type":"PropertyValueSpecification","valueRequired":true,"valueName":"search_term_string"}}],"inLanguage":"de"}]}},"_links":{"self":[{"href":"https:\/\/www.cavedelacrausaz.ch\/de\/wp-json\/wp\/v2\/product\/1665","targetHints":{"allow":["GET"]}}],"collection":[{"href":"https:\/\/www.cavedelacrausaz.ch\/de\/wp-json\/wp\/v2\/product"}],"about":[{"href":"https:\/\/www.cavedelacrausaz.ch\/de\/wp-json\/wp\/v2\/types\/product"}],"replies":[{"embeddable":true,"href":"https:\/\/www.cavedelacrausaz.ch\/de\/wp-json\/wp\/v2\/comments?post=1665"}],"wp:featuredmedia":[{"embeddable":true,"href":"https:\/\/www.cavedelacrausaz.ch\/de\/wp-json\/wp\/v2\/media\/6665"}],"wp:attachment":[{"href":"https:\/\/www.cavedelacrausaz.ch\/de\/wp-json\/wp\/v2\/media?parent=1665"}],"wp:term":[{"taxonomy":"product_brand","embeddable":true,"href":"https:\/\/www.cavedelacrausaz.ch\/de\/wp-json\/wp\/v2\/product_brand?post=1665"},{"taxonomy":"product_cat","embeddable":true,"href":"https:\/\/www.cavedelacrausaz.ch\/de\/wp-json\/wp\/v2\/product_cat?post=1665"},{"taxonomy":"product_tag","embeddable":true,"href":"https:\/\/www.cavedelacrausaz.ch\/de\/wp-json\/wp\/v2\/product_tag?post=1665"}],"curies":[{"name":"wp","href":"https:\/\/api.w.org\/{rel}","templated":true}]}}