{"id":1717,"date":"2016-09-06T14:30:35","date_gmt":"2016-09-06T12:30:35","guid":{"rendered":"https:\/\/www.cavedelacrausaz.ch\/en\/?page_id=1717"},"modified":"2023-05-11T10:38:56","modified_gmt":"2023-05-11T08:38:56","slug":"ueber-uns","status":"publish","type":"page","link":"https:\/\/www.cavedelacrausaz.ch\/de\/ueber-uns\/","title":{"rendered":"\u00dcber uns"},"content":{"rendered":"\t\t<div data-elementor-type=\"wp-page\" data-elementor-id=\"1717\" class=\"elementor elementor-1717 elementor-633\" data-elementor-post-type=\"page\">\n\t\t\t\t<div class=\"elementor-element elementor-element-c252b57 e-con-full e-flex e-con e-parent\" data-id=\"c252b57\" data-element_type=\"container\" data-e-type=\"container\" data-settings=\"{&quot;background_background&quot;:&quot;classic&quot;}\">\n\t\t\t\t<div class=\"elementor-element elementor-element-3a08b93 elementor-widget elementor-widget-heading\" data-id=\"3a08b93\" data-element_type=\"widget\" data-e-type=\"widget\" data-widget_type=\"heading.default\">\n\t\t\t\t<div class=\"elementor-widget-container\">\n\t\t\t\t\t<h2 class=\"elementor-heading-title elementor-size-default\">\u00dcber uns<\/h2>\t\t\t\t<\/div>\n\t\t\t\t<\/div>\n\t\t\t\t<div class=\"elementor-element elementor-element-fff1374 elementor-widget elementor-widget-woocommerce-breadcrumb\" data-id=\"fff1374\" data-element_type=\"widget\" data-e-type=\"widget\" data-widget_type=\"woocommerce-breadcrumb.default\">\n\t\t\t\t<div class=\"elementor-widget-container\">\n\t\t\t\t\t<nav class=\"woocommerce-breadcrumb\" aria-label=\"Breadcrumb\">Start<\/nav>\t\t\t\t<\/div>\n\t\t\t\t<\/div>\n\t\t\t\t<\/div>\n\t\t<div class=\"elementor-element elementor-element-a29a089 e-con-full e-flex e-con e-parent\" data-id=\"a29a089\" data-element_type=\"container\" data-e-type=\"container\" data-settings=\"{&quot;background_background&quot;:&quot;classic&quot;}\">\n\t\t<div class=\"elementor-element elementor-element-d3b7315 e-con-full e-flex e-con e-parent\" data-id=\"d3b7315\" data-element_type=\"container\" data-e-type=\"container\">\n\t\t\t\t<div class=\"elementor-element elementor-element-3efa34a elementor-widget elementor-widget-heading\" data-id=\"3efa34a\" data-element_type=\"widget\" data-e-type=\"widget\" data-widget_type=\"heading.default\">\n\t\t\t\t<div class=\"elementor-widget-container\">\n\t\t\t\t\t<h2 class=\"elementor-heading-title elementor-size-default\">Cave de la Crausaz<\/h2>\t\t\t\t<\/div>\n\t\t\t\t<\/div>\n\t\t\t\t<div class=\"elementor-element elementor-element-1bf43cb elementor-widget elementor-widget-heading\" data-id=\"1bf43cb\" data-element_type=\"widget\" data-e-type=\"widget\" data-widget_type=\"heading.default\">\n\t\t\t\t<div class=\"elementor-widget-container\">\n\t\t\t\t\t<h3 class=\"elementor-heading-title elementor-size-default\">Bettems Fr\u00e8res \u2013 F\u00e9chy<\/h3>\t\t\t\t<\/div>\n\t\t\t\t<\/div>\n\t\t\t\t<div class=\"elementor-element elementor-element-ce894d7 elementor-widget elementor-widget-text-editor\" data-id=\"ce894d7\" data-element_type=\"widget\" data-e-type=\"widget\" data-widget_type=\"text-editor.default\">\n\t\t\t\t<div class=\"elementor-widget-container\">\n\t\t\t\t\t\t\t\t\t<p>In unserem bestens ausgestatteten Weinkeller stellen wir pro Jahr 350\u2019000 Flaschen her und f\u00fcllen den Wein in unserer hauseigenen Abf\u00fcllanlage ab.<\/p><p>Die Umwelt liegt uns am Herzen \u2013 <a href=\"https:\/\/www.cavedelacrausaz.ch\/de\/ein-weingut-mit-tradition-im-umweltschutz\/\">deshalb nehmen wir das Leergut zur\u00fcck und waschen es<\/a> in unserer eigenen Flaschenwaschanlage (denken Sie daran, uns Ihre leeren Flaschen zur\u00fcckzubringen).<\/p><p>Sie k\u00f6nnen zu jeder Tages- und Jahreszeit unseren Weinkeller besuchen und unsere Weine verkosten.<\/p>\t\t\t\t\t\t\t\t<\/div>\n\t\t\t\t<\/div>\n\t\t\t\t<\/div>\n\t\t<div class=\"elementor-element elementor-element-8db43fa e-con-full e-flex e-con e-parent\" data-id=\"8db43fa\" data-element_type=\"container\" data-e-type=\"container\" data-settings=\"{&quot;background_background&quot;:&quot;classic&quot;}\">\n\t\t\t\t<\/div>\n\t\t\t\t<\/div>\n\t\t<div class=\"elementor-element elementor-element-4491649 e-flex e-con-boxed e-con e-parent\" data-id=\"4491649\" data-element_type=\"container\" data-e-type=\"container\" data-settings=\"{&quot;background_background&quot;:&quot;classic&quot;}\">\n\t\t\t\t\t<div class=\"e-con-inner\">\n\t\t<div class=\"elementor-element elementor-element-3388d1d e-con-full e-flex e-con e-parent\" data-id=\"3388d1d\" data-element_type=\"container\" data-e-type=\"container\">\n\t\t<div class=\"elementor-element elementor-element-97738c9 e-con-full e-flex e-con e-parent\" data-id=\"97738c9\" data-element_type=\"container\" data-e-type=\"container\">\n\t\t\t\t<div class=\"elementor-element elementor-element-85a3c64 elementor-widget elementor-widget-heading\" data-id=\"85a3c64\" data-element_type=\"widget\" data-e-type=\"widget\" data-widget_type=\"heading.default\">\n\t\t\t\t<div class=\"elementor-widget-container\">\n\t\t\t\t\t<h2 class=\"elementor-heading-title elementor-size-default\">Der Weinberg<\/h2>\t\t\t\t<\/div>\n\t\t\t\t<\/div>\n\t\t\t\t<div class=\"elementor-element elementor-element-4b31eab elementor-widget elementor-widget-text-editor\" data-id=\"4b31eab\" data-element_type=\"widget\" data-e-type=\"widget\" data-widget_type=\"text-editor.default\">\n\t\t\t\t<div class=\"elementor-widget-container\">\n\t\t\t\t\t\t\t\t\t<p>Die Parzellen sind \u00fcber die gesamte Appellation F\u00e9chy verteilt, in engen Reihen mit Reben bepflanzt und begr\u00fcnt. Die Bearbeitungs- und Unterhaltsarbeiten werden maschinell vorgenommen.<\/p><p>Das Pflanzen und Schneiden der Reben, die Laubarbeit und nat\u00fcrlich die Traubenlese erfolgen aber\u00a0<strong>ausschliesslich von Hand<\/strong>.<\/p>\t\t\t\t\t\t\t\t<\/div>\n\t\t\t\t<\/div>\n\t\t\t\t<\/div>\n\t\t<div class=\"elementor-element elementor-element-daa37c2 e-con-full e-flex e-con e-parent\" data-id=\"daa37c2\" data-element_type=\"container\" data-e-type=\"container\">\n\t\t\t\t<div class=\"elementor-element elementor-element-ba8d765 elementor-widget elementor-widget-heading\" data-id=\"ba8d765\" data-element_type=\"widget\" data-e-type=\"widget\" data-widget_type=\"heading.default\">\n\t\t\t\t<div class=\"elementor-widget-container\">\n\t\t\t\t\t<h2 class=\"elementor-heading-title elementor-size-default\">Der Boden<\/h2>\t\t\t\t<\/div>\n\t\t\t\t<\/div>\n\t\t\t\t<div class=\"elementor-element elementor-element-02841ac elementor-widget elementor-widget-text-editor\" data-id=\"02841ac\" data-element_type=\"widget\" data-e-type=\"widget\" data-widget_type=\"text-editor.default\">\n\t\t\t\t<div class=\"elementor-widget-container\">\n\t\t\t\t\t\t\t\t\t<p>In der Appellation F\u00e9chy ist der Boden ideal f\u00fcr den Weinbau \u2013 die Chasselas-Traube gedeiht hier besonders gut.<\/p><p>Unsere Rebberge sind perfekt nach S\u00fcden ausgerichtet, mit unverbaubarer Sicht auf die Alpen und den Genfersee. Bei der Arbeit im Rebberg respektieren wir die Traditionen und die Natur.<\/p>\t\t\t\t\t\t\t\t<\/div>\n\t\t\t\t<\/div>\n\t\t\t\t<\/div>\n\t\t\t\t<\/div>\n\t\t\t\t<div class=\"elementor-element elementor-element-7e4ef1e elementor-widget elementor-widget-image\" data-id=\"7e4ef1e\" data-element_type=\"widget\" data-e-type=\"widget\" data-widget_type=\"image.default\">\n\t\t\t\t<div class=\"elementor-widget-container\">\n\t\t\t\t\t\t\t\t\t\t\t\t\t\t\t<img decoding=\"async\" width=\"800\" height=\"38\" src=\"https:\/\/www.cavedelacrausaz.ch\/wp-content\/uploads\/line-1024x48.png\" class=\"attachment-large size-large wp-image-6047\" alt=\"\" srcset=\"https:\/\/www.cavedelacrausaz.ch\/wp-content\/uploads\/line-1024x48.png 1024w, https:\/\/www.cavedelacrausaz.ch\/wp-content\/uploads\/line-640x30.png 640w, https:\/\/www.cavedelacrausaz.ch\/wp-content\/uploads\/line-600x28.png 600w, https:\/\/www.cavedelacrausaz.ch\/wp-content\/uploads\/line-300x14.png 300w, https:\/\/www.cavedelacrausaz.ch\/wp-content\/uploads\/line-768x36.png 768w, https:\/\/www.cavedelacrausaz.ch\/wp-content\/uploads\/line-1536x72.png 1536w, https:\/\/www.cavedelacrausaz.ch\/wp-content\/uploads\/line-1170x55.png 1170w, https:\/\/www.cavedelacrausaz.ch\/wp-content\/uploads\/line-870x41.png 870w, https:\/\/www.cavedelacrausaz.ch\/wp-content\/uploads\/line-390x18.png 390w, https:\/\/www.cavedelacrausaz.ch\/wp-content\/uploads\/line.png 1900w\" sizes=\"(max-width: 800px) 100vw, 800px\" \/>\t\t\t\t\t\t\t\t\t\t\t\t\t\t\t<\/div>\n\t\t\t\t<\/div>\n\t\t\t\t\t<\/div>\n\t\t\t\t<\/div>\n\t\t<div class=\"elementor-element elementor-element-33f994b e-flex e-con-boxed e-con e-parent\" data-id=\"33f994b\" data-element_type=\"container\" data-e-type=\"container\" data-settings=\"{&quot;background_background&quot;:&quot;classic&quot;}\">\n\t\t\t\t\t<div class=\"e-con-inner\">\n\t\t\t\t<div class=\"elementor-element elementor-element-a30d4f2 elementor-widget elementor-widget-heading\" data-id=\"a30d4f2\" data-element_type=\"widget\" data-e-type=\"widget\" data-widget_type=\"heading.default\">\n\t\t\t\t<div class=\"elementor-widget-container\">\n\t\t\t\t\t<h2 class=\"elementor-heading-title elementor-size-default\">Unsere Geschichte<\/h2>\t\t\t\t<\/div>\n\t\t\t\t<\/div>\n\t\t\t\t<div class=\"elementor-element elementor-element-8cb5b65 elementor-widget__width-initial elementor-widget elementor-widget-text-editor\" data-id=\"8cb5b65\" data-element_type=\"widget\" data-e-type=\"widget\" data-widget_type=\"text-editor.default\">\n\t\t\t\t<div class=\"elementor-widget-container\">\n\t\t\t\t\t\t\t\t\t<p>Die Familie Bettems ist seit Anfang des 17. Jahrhunderts in F\u00e9chy ans\u00e4ssig und geh\u00f6rt mit ihren 12 Generationen zu einer der \u00e4ltesten Familien des Dorfes.<br \/>Seit 1927 f\u00fchrt die Familie Bettems das Unternehmen \u2013 heute bereits in der 5. Generation. Im Jahre 1952 wurde die Aktiengesellschaft Bettems Fr\u00e8res S.A. gegr\u00fcndet.<\/p>\t\t\t\t\t\t\t\t<\/div>\n\t\t\t\t<\/div>\n\t\t\t\t<div class=\"elementor-element elementor-element-6c01928 elementor-widget elementor-widget-image\" data-id=\"6c01928\" data-element_type=\"widget\" data-e-type=\"widget\" data-widget_type=\"image.default\">\n\t\t\t\t<div class=\"elementor-widget-container\">\n\t\t\t\t\t\t\t\t\t\t\t\t\t\t\t<img fetchpriority=\"high\" decoding=\"async\" width=\"611\" height=\"1080\" src=\"https:\/\/www.cavedelacrausaz.ch\/wp-content\/uploads\/genealogieV2web-1.jpg\" class=\"attachment-full size-full wp-image-6050\" alt=\"\" srcset=\"https:\/\/www.cavedelacrausaz.ch\/wp-content\/uploads\/genealogieV2web-1.jpg 611w, https:\/\/www.cavedelacrausaz.ch\/wp-content\/uploads\/genealogieV2web-1-600x1061.jpg 600w, https:\/\/www.cavedelacrausaz.ch\/wp-content\/uploads\/genealogieV2web-1-170x300.jpg 170w, https:\/\/www.cavedelacrausaz.ch\/wp-content\/uploads\/genealogieV2web-1-579x1024.jpg 579w, https:\/\/www.cavedelacrausaz.ch\/wp-content\/uploads\/genealogieV2web-1-390x689.jpg 390w, https:\/\/www.cavedelacrausaz.ch\/wp-content\/uploads\/genealogieV2web-1-300x530.jpg 300w\" sizes=\"(max-width: 611px) 100vw, 611px\" \/>\t\t\t\t\t\t\t\t\t\t\t\t\t\t\t<\/div>\n\t\t\t\t<\/div>\n\t\t\t\t\t<\/div>\n\t\t\t\t<\/div>\n\t\t\t\t<\/div>\n\t\t","protected":false},"excerpt":{"rendered":"<p>Cave de la Crausaz Bettems Fr\u00e8res \u2013 F\u00e9chy In unserem bestens ausgestatteten Weinkeller stellen wir pro Jahr 350\u2019000 Flaschen her und f\u00fcllen den Wein in unserer hauseigenen Abf\u00fcllanlage ab. Die Umwelt liegt uns am Herzen \u2013 deshalb nehmen wir das Leergut zur\u00fcck und waschen es in unserer eigenen Flaschenwaschanlage (denken Sie daran, uns Ihre leeren [&hellip;]<\/p>\n","protected":false},"author":1431,"featured_media":0,"parent":0,"menu_order":20,"comment_status":"closed","ping_status":"closed","template":"","meta":{"footnotes":""},"class_list":["post-1717","page","type-page","status-publish","hentry"],"yoast_head":"<!-- This site is optimized with the Yoast SEO plugin v27.3 - https:\/\/yoast.com\/product\/yoast-seo-wordpress\/ -->\n<title>\u00dcber uns - Cave de la Crausaz<\/title>\n<meta name=\"robots\" content=\"index, follow, max-snippet:-1, max-image-preview:large, max-video-preview:-1\" \/>\n<link rel=\"canonical\" href=\"https:\/\/www.cavedelacrausaz.ch\/de\/ueber-uns\/\" \/>\n<meta property=\"og:locale\" content=\"de_DE\" \/>\n<meta property=\"og:type\" content=\"article\" \/>\n<meta property=\"og:title\" content=\"\u00dcber uns - Cave de la Crausaz\" \/>\n<meta property=\"og:description\" content=\"Cave de la Crausaz Bettems Fr\u00e8res \u2013 F\u00e9chy In unserem bestens ausgestatteten Weinkeller stellen wir pro Jahr 350\u2019000 Flaschen her und f\u00fcllen den Wein in unserer hauseigenen Abf\u00fcllanlage ab. Die Umwelt liegt uns am Herzen \u2013 deshalb nehmen wir das Leergut zur\u00fcck und waschen es in unserer eigenen Flaschenwaschanlage (denken Sie daran, uns Ihre leeren [&hellip;]\" \/>\n<meta property=\"og:url\" content=\"https:\/\/www.cavedelacrausaz.ch\/de\/ueber-uns\/\" \/>\n<meta property=\"og:site_name\" content=\"Cave de la Crausaz\" \/>\n<meta property=\"article:publisher\" content=\"https:\/\/www.facebook.com\/cavedelacrausaz\/\" \/>\n<meta property=\"article:modified_time\" content=\"2023-05-11T08:38:56+00:00\" \/>\n<meta property=\"og:image\" content=\"https:\/\/www.cavedelacrausaz.ch\/wp-content\/uploads\/line-1024x48.png\" \/>\n<meta name=\"twitter:card\" content=\"summary_large_image\" \/>\n<meta name=\"twitter:label1\" content=\"Gesch\u00e4tzte Lesezeit\" \/>\n\t<meta name=\"twitter:data1\" content=\"2\u00a0Minuten\" \/>\n<script type=\"application\/ld+json\" class=\"yoast-schema-graph\">{\"@context\":\"https:\\\/\\\/schema.org\",\"@graph\":[{\"@type\":\"WebPage\",\"@id\":\"https:\\\/\\\/www.cavedelacrausaz.ch\\\/de\\\/ueber-uns\\\/\",\"url\":\"https:\\\/\\\/www.cavedelacrausaz.ch\\\/de\\\/ueber-uns\\\/\",\"name\":\"\u00dcber uns - Cave de la Crausaz\",\"isPartOf\":{\"@id\":\"https:\\\/\\\/www.cavedelacrausaz.ch\\\/de\\\/#website\"},\"primaryImageOfPage\":{\"@id\":\"https:\\\/\\\/www.cavedelacrausaz.ch\\\/de\\\/ueber-uns\\\/#primaryimage\"},\"image\":{\"@id\":\"https:\\\/\\\/www.cavedelacrausaz.ch\\\/de\\\/ueber-uns\\\/#primaryimage\"},\"thumbnailUrl\":\"https:\\\/\\\/www.cavedelacrausaz.ch\\\/wp-content\\\/uploads\\\/line-1024x48.png\",\"datePublished\":\"2016-09-06T12:30:35+00:00\",\"dateModified\":\"2023-05-11T08:38:56+00:00\",\"breadcrumb\":{\"@id\":\"https:\\\/\\\/www.cavedelacrausaz.ch\\\/de\\\/ueber-uns\\\/#breadcrumb\"},\"inLanguage\":\"de\",\"potentialAction\":[{\"@type\":\"ReadAction\",\"target\":[\"https:\\\/\\\/www.cavedelacrausaz.ch\\\/de\\\/ueber-uns\\\/\"]}]},{\"@type\":\"ImageObject\",\"inLanguage\":\"de\",\"@id\":\"https:\\\/\\\/www.cavedelacrausaz.ch\\\/de\\\/ueber-uns\\\/#primaryimage\",\"url\":\"https:\\\/\\\/www.cavedelacrausaz.ch\\\/wp-content\\\/uploads\\\/line-1024x48.png\",\"contentUrl\":\"https:\\\/\\\/www.cavedelacrausaz.ch\\\/wp-content\\\/uploads\\\/line-1024x48.png\"},{\"@type\":\"BreadcrumbList\",\"@id\":\"https:\\\/\\\/www.cavedelacrausaz.ch\\\/de\\\/ueber-uns\\\/#breadcrumb\",\"itemListElement\":[{\"@type\":\"ListItem\",\"position\":1,\"name\":\"Accueil\",\"item\":\"https:\\\/\\\/www.cavedelacrausaz.ch\\\/de\\\/\"},{\"@type\":\"ListItem\",\"position\":2,\"name\":\"\u00dcber uns\"}]},{\"@type\":\"WebSite\",\"@id\":\"https:\\\/\\\/www.cavedelacrausaz.ch\\\/de\\\/#website\",\"url\":\"https:\\\/\\\/www.cavedelacrausaz.ch\\\/de\\\/\",\"name\":\"Cave de la Crausaz\",\"description\":\"Bettems Fr\u00e8res SA - F\u00e9chy\",\"potentialAction\":[{\"@type\":\"SearchAction\",\"target\":{\"@type\":\"EntryPoint\",\"urlTemplate\":\"https:\\\/\\\/www.cavedelacrausaz.ch\\\/de\\\/?s={search_term_string}\"},\"query-input\":{\"@type\":\"PropertyValueSpecification\",\"valueRequired\":true,\"valueName\":\"search_term_string\"}}],\"inLanguage\":\"de\"}]}<\/script>\n<!-- \/ Yoast SEO plugin. -->","yoast_head_json":{"title":"\u00dcber uns - Cave de la Crausaz","robots":{"index":"index","follow":"follow","max-snippet":"max-snippet:-1","max-image-preview":"max-image-preview:large","max-video-preview":"max-video-preview:-1"},"canonical":"https:\/\/www.cavedelacrausaz.ch\/de\/ueber-uns\/","og_locale":"de_DE","og_type":"article","og_title":"\u00dcber uns - Cave de la Crausaz","og_description":"Cave de la Crausaz Bettems Fr\u00e8res \u2013 F\u00e9chy In unserem bestens ausgestatteten Weinkeller stellen wir pro Jahr 350\u2019000 Flaschen her und f\u00fcllen den Wein in unserer hauseigenen Abf\u00fcllanlage ab. Die Umwelt liegt uns am Herzen \u2013 deshalb nehmen wir das Leergut zur\u00fcck und waschen es in unserer eigenen Flaschenwaschanlage (denken Sie daran, uns Ihre leeren [&hellip;]","og_url":"https:\/\/www.cavedelacrausaz.ch\/de\/ueber-uns\/","og_site_name":"Cave de la Crausaz","article_publisher":"https:\/\/www.facebook.com\/cavedelacrausaz\/","article_modified_time":"2023-05-11T08:38:56+00:00","og_image":[{"url":"https:\/\/www.cavedelacrausaz.ch\/wp-content\/uploads\/line-1024x48.png","type":"","width":"","height":""}],"twitter_card":"summary_large_image","twitter_misc":{"Gesch\u00e4tzte Lesezeit":"2\u00a0Minuten"},"schema":{"@context":"https:\/\/schema.org","@graph":[{"@type":"WebPage","@id":"https:\/\/www.cavedelacrausaz.ch\/de\/ueber-uns\/","url":"https:\/\/www.cavedelacrausaz.ch\/de\/ueber-uns\/","name":"\u00dcber uns - Cave de la Crausaz","isPartOf":{"@id":"https:\/\/www.cavedelacrausaz.ch\/de\/#website"},"primaryImageOfPage":{"@id":"https:\/\/www.cavedelacrausaz.ch\/de\/ueber-uns\/#primaryimage"},"image":{"@id":"https:\/\/www.cavedelacrausaz.ch\/de\/ueber-uns\/#primaryimage"},"thumbnailUrl":"https:\/\/www.cavedelacrausaz.ch\/wp-content\/uploads\/line-1024x48.png","datePublished":"2016-09-06T12:30:35+00:00","dateModified":"2023-05-11T08:38:56+00:00","breadcrumb":{"@id":"https:\/\/www.cavedelacrausaz.ch\/de\/ueber-uns\/#breadcrumb"},"inLanguage":"de","potentialAction":[{"@type":"ReadAction","target":["https:\/\/www.cavedelacrausaz.ch\/de\/ueber-uns\/"]}]},{"@type":"ImageObject","inLanguage":"de","@id":"https:\/\/www.cavedelacrausaz.ch\/de\/ueber-uns\/#primaryimage","url":"https:\/\/www.cavedelacrausaz.ch\/wp-content\/uploads\/line-1024x48.png","contentUrl":"https:\/\/www.cavedelacrausaz.ch\/wp-content\/uploads\/line-1024x48.png"},{"@type":"BreadcrumbList","@id":"https:\/\/www.cavedelacrausaz.ch\/de\/ueber-uns\/#breadcrumb","itemListElement":[{"@type":"ListItem","position":1,"name":"Accueil","item":"https:\/\/www.cavedelacrausaz.ch\/de\/"},{"@type":"ListItem","position":2,"name":"\u00dcber uns"}]},{"@type":"WebSite","@id":"https:\/\/www.cavedelacrausaz.ch\/de\/#website","url":"https:\/\/www.cavedelacrausaz.ch\/de\/","name":"Cave de la Crausaz","description":"Bettems Fr\u00e8res SA - F\u00e9chy","potentialAction":[{"@type":"SearchAction","target":{"@type":"EntryPoint","urlTemplate":"https:\/\/www.cavedelacrausaz.ch\/de\/?s={search_term_string}"},"query-input":{"@type":"PropertyValueSpecification","valueRequired":true,"valueName":"search_term_string"}}],"inLanguage":"de"}]}},"_links":{"self":[{"href":"https:\/\/www.cavedelacrausaz.ch\/de\/wp-json\/wp\/v2\/pages\/1717","targetHints":{"allow":["GET"]}}],"collection":[{"href":"https:\/\/www.cavedelacrausaz.ch\/de\/wp-json\/wp\/v2\/pages"}],"about":[{"href":"https:\/\/www.cavedelacrausaz.ch\/de\/wp-json\/wp\/v2\/types\/page"}],"author":[{"embeddable":true,"href":"https:\/\/www.cavedelacrausaz.ch\/de\/wp-json\/wp\/v2\/users\/1431"}],"replies":[{"embeddable":true,"href":"https:\/\/www.cavedelacrausaz.ch\/de\/wp-json\/wp\/v2\/comments?post=1717"}],"version-history":[{"count":6,"href":"https:\/\/www.cavedelacrausaz.ch\/de\/wp-json\/wp\/v2\/pages\/1717\/revisions"}],"predecessor-version":[{"id":6391,"href":"https:\/\/www.cavedelacrausaz.ch\/de\/wp-json\/wp\/v2\/pages\/1717\/revisions\/6391"}],"wp:attachment":[{"href":"https:\/\/www.cavedelacrausaz.ch\/de\/wp-json\/wp\/v2\/media?parent=1717"}],"curies":[{"name":"wp","href":"https:\/\/api.w.org\/{rel}","templated":true}]}}